{"id":176,"date":"2019-09-17T10:55:45","date_gmt":"2019-09-17T10:55:45","guid":{"rendered":"https:\/\/pedagogikamontessori.pl\/szkola\/otoczenie-copy\/"},"modified":"2023-11-20T16:58:16","modified_gmt":"2023-11-20T16:58:16","slug":"organizacja","status":"publish","type":"page","link":"https:\/\/pedagogikamontessori.pl\/szkola\/organizacja\/","title":{"rendered":"ORGANIZACJA"},"content":{"rendered":"\t\t<div data-elementor-type=\"wp-page\" data-elementor-id=\"176\" class=\"elementor elementor-176\" data-elementor-settings=\"[]\">\r\n\t\t\t\t\t\t<div class=\"elementor-inner\">\r\n\t\t\t\t\t\t\t<div class=\"elementor-section-wrap\">\r\n\t\t\t\t\t\t\t<section class=\"elementor-section elementor-top-section elementor-element elementor-element-49ace58 elementor-section-stretched elementor-section-height-min-height elementor-section-boxed elementor-section-height-default elementor-section-items-middle\" data-id=\"49ace58\" data-element_type=\"section\" data-settings=\"{&quot;stretch_section&quot;:&quot;section-stretched&quot;,&quot;background_background&quot;:&quot;classic&quot;}\">\r\n\t\t\t\t\t\t\t<div class=\"elementor-background-overlay\"><\/div>\r\n\t\t\t\t\t\t\t<div class=\"elementor-container elementor-column-gap-default\">\r\n\t\t\t\t\t\t\t<div class=\"elementor-row\">\r\n\t\t\t\t\t<div class=\"elementor-column elementor-col-100 elementor-top-column elementor-element elementor-element-ed920cb\" data-id=\"ed920cb\" data-element_type=\"column\">\r\n\t\t\t<div class=\"elementor-column-wrap elementor-element-populated\">\r\n\t\t\t\t\t\t\t<div class=\"elementor-widget-wrap\">\r\n\t\t\t\t\t\t<div class=\"elementor-element elementor-element-0c1fc73 elementor-widget elementor-widget-heading\" data-id=\"0c1fc73\" data-element_type=\"widget\" data-widget_type=\"heading.default\">\r\n\t\t\t\t<div class=\"elementor-widget-container\">\r\n\t\t\t<h1 class=\"elementor-heading-title elementor-size-default\">Organizacja<\/h1>\t\t<\/div>\r\n\t\t\t\t<\/div>\r\n\t\t\t\t<div class=\"elementor-element elementor-element-d206736 elementor-widget elementor-widget-breadcrumbs\" data-id=\"d206736\" data-element_type=\"widget\" data-widget_type=\"breadcrumbs.default\">\r\n\t\t\t\t<div class=\"elementor-widget-container\">\r\n\t\t\t<p id=\"breadcrumbs\"><span><span><a href=\"https:\/\/pedagogikamontessori.pl\/szkola\/\">Strona g\u0142\u00f3wna<\/a><\/span><\/p>\t\t<\/div>\r\n\t\t\t\t<\/div>\r\n\t\t\t\t\t\t<\/div>\r\n\t\t\t\t\t<\/div>\r\n\t\t<\/div>\r\n\t\t\t\t\t\t\t\t<\/div>\r\n\t\t\t\t\t<\/div>\r\n\t\t<\/section>\r\n\t\t\t\t<section class=\"elementor-section elementor-top-section elementor-element elementor-element-2a80303 elementor-section-stretched elementor-section-boxed elementor-section-height-default elementor-section-height-default\" data-id=\"2a80303\" data-element_type=\"section\" data-settings=\"{&quot;stretch_section&quot;:&quot;section-stretched&quot;}\">\r\n\t\t\t\t\t\t<div class=\"elementor-container elementor-column-gap-default\">\r\n\t\t\t\t\t\t\t<div class=\"elementor-row\">\r\n\t\t\t\t\t<div class=\"elementor-column elementor-col-100 elementor-top-column elementor-element elementor-element-2270ba0\" data-id=\"2270ba0\" data-element_type=\"column\">\r\n\t\t\t<div class=\"elementor-column-wrap elementor-element-populated\">\r\n\t\t\t\t\t\t\t<div class=\"elementor-widget-wrap\">\r\n\t\t\t\t\t\t<section class=\"elementor-section elementor-inner-section elementor-element elementor-element-142b990 elementor-section-boxed elementor-section-height-default elementor-section-height-default\" data-id=\"142b990\" data-element_type=\"section\">\r\n\t\t\t\t\t\t<div class=\"elementor-container elementor-column-gap-default\">\r\n\t\t\t\t\t\t\t<div class=\"elementor-row\">\r\n\t\t\t\t\t<div class=\"elementor-column elementor-col-50 elementor-inner-column elementor-element elementor-element-99aa1a8\" data-id=\"99aa1a8\" data-element_type=\"column\">\r\n\t\t\t<div class=\"elementor-column-wrap elementor-element-populated\">\r\n\t\t\t\t\t\t\t<div class=\"elementor-widget-wrap\">\r\n\t\t\t\t\t\t<div class=\"elementor-element elementor-element-d49a532 elementor-widget elementor-widget-image\" data-id=\"d49a532\" data-element_type=\"widget\" data-widget_type=\"image.default\">\r\n\t\t\t\t<div class=\"elementor-widget-container\">\r\n\t\t\t\t\t\t\t\t<div class=\"elementor-image\">\r\n\t\t\t\t\t\t\t\t\t\t\t\t<img loading=\"lazy\" decoding=\"async\" width=\"800\" height=\"534\" src=\"https:\/\/pedagogikamontessori.pl\/szkola\/wp-content\/uploads\/2019\/11\/iStock-1019079374_800x534.jpg\" class=\"attachment-large size-large\" alt=\"\" srcset=\"https:\/\/pedagogikamontessori.pl\/szkola\/wp-content\/uploads\/2019\/11\/iStock-1019079374_800x534.jpg 800w, https:\/\/pedagogikamontessori.pl\/szkola\/wp-content\/uploads\/2019\/11\/iStock-1019079374_800x534-300x200.jpg 300w, https:\/\/pedagogikamontessori.pl\/szkola\/wp-content\/uploads\/2019\/11\/iStock-1019079374_800x534-768x513.jpg 768w\" sizes=\"(max-width: 800px) 100vw, 800px\" \/>\t\t\t\t\t\t\t\t\t\t\t\t\t\t<\/div>\r\n\t\t\t\t\t\t<\/div>\r\n\t\t\t\t<\/div>\r\n\t\t\t\t\t\t<\/div>\r\n\t\t\t\t\t<\/div>\r\n\t\t<\/div>\r\n\t\t\t\t<div class=\"elementor-column elementor-col-50 elementor-inner-column elementor-element elementor-element-d906e2a\" data-id=\"d906e2a\" data-element_type=\"column\">\r\n\t\t\t<div class=\"elementor-column-wrap elementor-element-populated\">\r\n\t\t\t\t\t\t\t<div class=\"elementor-widget-wrap\">\r\n\t\t\t\t\t\t<div class=\"elementor-element elementor-element-2fe8809 elementor-widget elementor-widget-text-editor\" data-id=\"2fe8809\" data-element_type=\"widget\" data-widget_type=\"text-editor.default\">\r\n\t\t\t\t<div class=\"elementor-widget-container\">\r\n\t\t\t\t\t\t\t\t<div class=\"elementor-text-editor elementor-clearfix\">\r\n\t\t\t\t<p>Niepubliczna Szko\u0142a Podstawowa Przysta\u0144 Montessori to niepubliczna szko\u0142a podstawowa z uprawnieniami szko\u0142y publicznej. Z za\u0142o\u017cenia szko\u0142a jest plac\u00f3wk\u0105 integracyjn\u0105, zapewniaj\u0105c\u0105 edukacj\u0119 w klasach mieszanych wiekowo.<\/p>\n<p>W zakresie edukacji podstawowej prowadzimy zaj\u0119cia na trzech poziomach:<\/p>\n<ul>\n<li>poziom 0<\/li>\n<li>poziom I ( klasy I-III)<\/li>\n<li>poziom II (klasy IV-VIII)<br><br><\/li>\n<\/ul>\n<p>Organem za\u0142o\u017cycielskim Szko\u0142\u0119 by\u0142a Fundacja Edukacji i Kultury im. Marii Montessori reprezentowana przez Emili\u0119 Polnau-Wrzesi\u0144sk\u0105 oraz Katarzyn\u0119 Kaczmarsk\u0105- Kruger. <br>Szko\u0142a posiada pozytywn\u0105 opini\u0119 Mazowieckiego Kuratora O\u015bwiaty. Podstawa programowa jest jedynie cz\u0119\u015bci\u0105 obszerniejszego Programu Edukacji Montessori , kt\u00f3ry realizujemy. Szko\u0142a pracuje zgodnie z kalendarzem MEN.&nbsp;<\/p>\t\t\t\t\t<\/div>\r\n\t\t\t\t\t\t<\/div>\r\n\t\t\t\t<\/div>\r\n\t\t\t\t\t\t<\/div>\r\n\t\t\t\t\t<\/div>\r\n\t\t<\/div>\r\n\t\t\t\t\t\t\t\t<\/div>\r\n\t\t\t\t\t<\/div>\r\n\t\t<\/section>\r\n\t\t\t\t<section class=\"elementor-section elementor-inner-section elementor-element elementor-element-43891d8 elementor-section-boxed elementor-section-height-default elementor-section-height-default\" data-id=\"43891d8\" data-element_type=\"section\">\r\n\t\t\t\t\t\t<div class=\"elementor-container elementor-column-gap-default\">\r\n\t\t\t\t\t\t\t<div class=\"elementor-row\">\r\n\t\t\t\t\t<div class=\"elementor-column elementor-col-100 elementor-inner-column elementor-element elementor-element-987cc3e\" data-id=\"987cc3e\" data-element_type=\"column\">\r\n\t\t\t<div class=\"elementor-column-wrap elementor-element-populated\">\r\n\t\t\t\t\t\t\t<div class=\"elementor-widget-wrap\">\r\n\t\t\t\t\t\t<div class=\"elementor-element elementor-element-398e5b7 elementor-widget elementor-widget-text-editor\" data-id=\"398e5b7\" data-element_type=\"widget\" data-widget_type=\"text-editor.default\">\r\n\t\t\t\t<div class=\"elementor-widget-container\">\r\n\t\t\t\t\t\t\t\t<div class=\"elementor-text-editor elementor-clearfix\">\r\n\t\t\t\t<p><b>Godziny pracy<\/b><\/p>\n<p>Szko\u0142a otwarta jest <b>od godz. 8:00 do godz. 17:30<\/b><\/p>\n<p>Zaj\u0119cia edukacyjne;<br>w klasach m\u0142odszych&nbsp; &nbsp; <b>8:30 &#8211; 14:30<\/b><br>w klasach 4-5&nbsp; &nbsp; &nbsp;<b>8:15 &#8211; 15:20<br><\/b>w klasach 6-8&nbsp; &nbsp; &nbsp;<b>9:10 &#8211; 15:20<\/b><\/p>\n<p>\u015awietlica:&nbsp; &nbsp;<b>14:30 \u2013 17:30<\/b><\/p>\t\t\t\t\t<\/div>\r\n\t\t\t\t\t\t<\/div>\r\n\t\t\t\t<\/div>\r\n\t\t\t\t\t\t<\/div>\r\n\t\t\t\t\t<\/div>\r\n\t\t<\/div>\r\n\t\t\t\t\t\t\t\t<\/div>\r\n\t\t\t\t\t<\/div>\r\n\t\t<\/section>\r\n\t\t\t\t\t\t<\/div>\r\n\t\t\t\t\t<\/div>\r\n\t\t<\/div>\r\n\t\t\t\t\t\t\t\t<\/div>\r\n\t\t\t\t\t<\/div>\r\n\t\t<\/section>\r\n\t\t\t\t\t\t<\/div>\r\n\t\t\t\t\t\t<\/div>\r\n\t\t\t\t\t<\/div>\r\n\t\t","protected":false},"excerpt":{"rendered":"<p>Organizacja Niepubliczna Szko\u0142a Podstawowa Przysta\u0144 Montessori to niepubliczna szko\u0142a podstawowa z uprawnieniami szko\u0142y publicznej. Z za\u0142o\u017cenia szko\u0142a jest plac\u00f3wk\u0105 integracyjn\u0105, zapewniaj\u0105c\u0105 edukacj\u0119 w klasach mieszanych wiekowo. W zakresie edukacji podstawowej prowadzimy zaj\u0119cia na trzech poziomach: poziom 0 poziom I ( klasy I-III) poziom II (klasy IV-VIII) Organem za\u0142o\u017cycielskim Szko\u0142\u0119 by\u0142a Fundacja Edukacji i Kultury im. [&hellip;]<\/p>\n","protected":false},"author":1,"featured_media":0,"parent":0,"menu_order":0,"comment_status":"closed","ping_status":"closed","template":"","meta":{"footnotes":""},"yoast_head":"<!-- This site is optimized with the Yoast SEO plugin v15.6.2 - https:\/\/yoast.com\/wordpress\/plugins\/seo\/ -->\n<title>ORGANIZACJA - Montessori - Szko\u0142a<\/title>\n<meta name=\"robots\" content=\"index, follow, max-snippet:-1, max-image-preview:large, max-video-preview:-1\" \/>\n<link rel=\"canonical\" href=\"https:\/\/pedagogikamontessori.pl\/szkola\/organizacja\/\" \/>\n<meta property=\"og:locale\" content=\"pl_PL\" \/>\n<meta property=\"og:type\" content=\"article\" \/>\n<meta property=\"og:title\" content=\"ORGANIZACJA - Montessori - Szko\u0142a\" \/>\n<meta property=\"og:description\" content=\"Organizacja Niepubliczna Szko\u0142a Podstawowa Przysta\u0144 Montessori to niepubliczna szko\u0142a podstawowa z uprawnieniami szko\u0142y publicznej. Z za\u0142o\u017cenia szko\u0142a jest plac\u00f3wk\u0105 integracyjn\u0105, zapewniaj\u0105c\u0105 edukacj\u0119 w klasach mieszanych wiekowo. W zakresie edukacji podstawowej prowadzimy zaj\u0119cia na trzech poziomach: poziom 0 poziom I ( klasy I-III) poziom II (klasy IV-VIII) Organem za\u0142o\u017cycielskim Szko\u0142\u0119 by\u0142a Fundacja Edukacji i Kultury im. [&hellip;]\" \/>\n<meta property=\"og:url\" content=\"https:\/\/pedagogikamontessori.pl\/szkola\/organizacja\/\" \/>\n<meta property=\"og:site_name\" content=\"Montessori - Szko\u0142a\" \/>\n<meta property=\"article:modified_time\" content=\"2023-11-20T16:58:16+00:00\" \/>\n<meta property=\"og:image\" content=\"https:\/\/pedagogikamontessori.pl\/szkola\/wp-content\/uploads\/2019\/11\/iStock-1019079374_800x534.jpg\" \/>\n<meta name=\"twitter:card\" content=\"summary_large_image\" \/>\n<meta name=\"twitter:label1\" content=\"Est. reading time\">\n\t<meta name=\"twitter:data1\" content=\"1 minuta\">\n<script type=\"application\/ld+json\" class=\"yoast-schema-graph\">{\"@context\":\"https:\/\/schema.org\",\"@graph\":[{\"@type\":\"WebSite\",\"@id\":\"https:\/\/pedagogikamontessori.pl\/szkola\/#website\",\"url\":\"https:\/\/pedagogikamontessori.pl\/szkola\/\",\"name\":\"Montessori - Szko\\u0142a\",\"description\":\"Kolejna witryna WordPress\",\"potentialAction\":[{\"@type\":\"SearchAction\",\"target\":\"https:\/\/pedagogikamontessori.pl\/szkola\/?s={search_term_string}\",\"query-input\":\"required name=search_term_string\"}],\"inLanguage\":\"pl-PL\"},{\"@type\":\"ImageObject\",\"@id\":\"https:\/\/pedagogikamontessori.pl\/szkola\/organizacja\/#primaryimage\",\"inLanguage\":\"pl-PL\",\"url\":\"https:\/\/pedagogikamontessori.pl\/szkola\/wp-content\/uploads\/2019\/11\/iStock-1019079374_800x534.jpg\",\"width\":800,\"height\":534,\"caption\":\"Hands of a child manipulating educational materials to learn to count in a Montessori classroom.\\u00ff\"},{\"@type\":\"WebPage\",\"@id\":\"https:\/\/pedagogikamontessori.pl\/szkola\/organizacja\/#webpage\",\"url\":\"https:\/\/pedagogikamontessori.pl\/szkola\/organizacja\/\",\"name\":\"ORGANIZACJA - Montessori - Szko\\u0142a\",\"isPartOf\":{\"@id\":\"https:\/\/pedagogikamontessori.pl\/szkola\/#website\"},\"primaryImageOfPage\":{\"@id\":\"https:\/\/pedagogikamontessori.pl\/szkola\/organizacja\/#primaryimage\"},\"datePublished\":\"2019-09-17T10:55:45+00:00\",\"dateModified\":\"2023-11-20T16:58:16+00:00\",\"breadcrumb\":{\"@id\":\"https:\/\/pedagogikamontessori.pl\/szkola\/organizacja\/#breadcrumb\"},\"inLanguage\":\"pl-PL\",\"potentialAction\":[{\"@type\":\"ReadAction\",\"target\":[\"https:\/\/pedagogikamontessori.pl\/szkola\/organizacja\/\"]}]},{\"@type\":\"BreadcrumbList\",\"@id\":\"https:\/\/pedagogikamontessori.pl\/szkola\/organizacja\/#breadcrumb\",\"itemListElement\":[{\"@type\":\"ListItem\",\"position\":1,\"item\":{\"@type\":\"WebPage\",\"@id\":\"https:\/\/pedagogikamontessori.pl\/szkola\/\",\"url\":\"https:\/\/pedagogikamontessori.pl\/szkola\/\",\"name\":\"Strona g\\u0142\\u00f3wna\"}},{\"@type\":\"ListItem\",\"position\":2,\"item\":{\"@type\":\"WebPage\",\"@id\":\"https:\/\/pedagogikamontessori.pl\/szkola\/organizacja\/\",\"url\":\"https:\/\/pedagogikamontessori.pl\/szkola\/organizacja\/\",\"name\":\"ORGANIZACJA\"}}]}]}<\/script>\n<!-- \/ Yoast SEO plugin. -->","_links":{"self":[{"href":"https:\/\/pedagogikamontessori.pl\/szkola\/wp-json\/wp\/v2\/pages\/176"}],"collection":[{"href":"https:\/\/pedagogikamontessori.pl\/szkola\/wp-json\/wp\/v2\/pages"}],"about":[{"href":"https:\/\/pedagogikamontessori.pl\/szkola\/wp-json\/wp\/v2\/types\/page"}],"author":[{"embeddable":true,"href":"https:\/\/pedagogikamontessori.pl\/szkola\/wp-json\/wp\/v2\/users\/1"}],"replies":[{"embeddable":true,"href":"https:\/\/pedagogikamontessori.pl\/szkola\/wp-json\/wp\/v2\/comments?post=176"}],"version-history":[{"count":22,"href":"https:\/\/pedagogikamontessori.pl\/szkola\/wp-json\/wp\/v2\/pages\/176\/revisions"}],"predecessor-version":[{"id":1348,"href":"https:\/\/pedagogikamontessori.pl\/szkola\/wp-json\/wp\/v2\/pages\/176\/revisions\/1348"}],"wp:attachment":[{"href":"https:\/\/pedagogikamontessori.pl\/szkola\/wp-json\/wp\/v2\/media?parent=176"}],"curies":[{"name":"wp","href":"https:\/\/api.w.org\/{rel}","templated":true}]}}