{"id":172,"date":"2019-09-17T10:52:18","date_gmt":"2019-09-17T10:52:18","guid":{"rendered":"https:\/\/pedagogikamontessori.pl\/szkola\/program-copy\/"},"modified":"2019-11-18T12:15:07","modified_gmt":"2019-11-18T12:15:07","slug":"otoczenie","status":"publish","type":"page","link":"https:\/\/pedagogikamontessori.pl\/szkola\/otoczenie\/","title":{"rendered":"OTOCZENIE"},"content":{"rendered":"\t\t<div data-elementor-type=\"wp-page\" data-elementor-id=\"172\" class=\"elementor elementor-172\" data-elementor-settings=\"[]\">\r\n\t\t\t\t\t\t<div class=\"elementor-inner\">\r\n\t\t\t\t\t\t\t<div class=\"elementor-section-wrap\">\r\n\t\t\t\t\t\t\t<section class=\"elementor-section elementor-top-section elementor-element elementor-element-49ace58 elementor-section-stretched elementor-section-height-min-height elementor-section-boxed elementor-section-height-default elementor-section-items-middle\" data-id=\"49ace58\" data-element_type=\"section\" data-settings=\"{&quot;stretch_section&quot;:&quot;section-stretched&quot;,&quot;background_background&quot;:&quot;classic&quot;}\">\r\n\t\t\t\t\t\t\t<div class=\"elementor-background-overlay\"><\/div>\r\n\t\t\t\t\t\t\t<div class=\"elementor-container elementor-column-gap-default\">\r\n\t\t\t\t\t\t\t<div class=\"elementor-row\">\r\n\t\t\t\t\t<div class=\"elementor-column elementor-col-100 elementor-top-column elementor-element elementor-element-ed920cb\" data-id=\"ed920cb\" data-element_type=\"column\">\r\n\t\t\t<div class=\"elementor-column-wrap elementor-element-populated\">\r\n\t\t\t\t\t\t\t<div class=\"elementor-widget-wrap\">\r\n\t\t\t\t\t\t<div class=\"elementor-element elementor-element-0c1fc73 elementor-widget elementor-widget-heading\" data-id=\"0c1fc73\" data-element_type=\"widget\" data-widget_type=\"heading.default\">\r\n\t\t\t\t<div class=\"elementor-widget-container\">\r\n\t\t\t<h1 class=\"elementor-heading-title elementor-size-default\">Otoczenie<\/h1>\t\t<\/div>\r\n\t\t\t\t<\/div>\r\n\t\t\t\t<div class=\"elementor-element elementor-element-d206736 elementor-widget elementor-widget-breadcrumbs\" data-id=\"d206736\" data-element_type=\"widget\" data-widget_type=\"breadcrumbs.default\">\r\n\t\t\t\t<div class=\"elementor-widget-container\">\r\n\t\t\t<p id=\"breadcrumbs\"><span><span><a href=\"https:\/\/pedagogikamontessori.pl\/szkola\/\">Strona g\u0142\u00f3wna<\/a><\/span><\/p>\t\t<\/div>\r\n\t\t\t\t<\/div>\r\n\t\t\t\t\t\t<\/div>\r\n\t\t\t\t\t<\/div>\r\n\t\t<\/div>\r\n\t\t\t\t\t\t\t\t<\/div>\r\n\t\t\t\t\t<\/div>\r\n\t\t<\/section>\r\n\t\t\t\t<section class=\"elementor-section elementor-top-section elementor-element elementor-element-2a80303 elementor-section-stretched elementor-section-boxed elementor-section-height-default elementor-section-height-default\" data-id=\"2a80303\" data-element_type=\"section\" data-settings=\"{&quot;stretch_section&quot;:&quot;section-stretched&quot;}\">\r\n\t\t\t\t\t\t<div class=\"elementor-container elementor-column-gap-default\">\r\n\t\t\t\t\t\t\t<div class=\"elementor-row\">\r\n\t\t\t\t\t<div class=\"elementor-column elementor-col-100 elementor-top-column elementor-element elementor-element-2270ba0\" data-id=\"2270ba0\" data-element_type=\"column\">\r\n\t\t\t<div class=\"elementor-column-wrap elementor-element-populated\">\r\n\t\t\t\t\t\t\t<div class=\"elementor-widget-wrap\">\r\n\t\t\t\t\t\t<section class=\"elementor-section elementor-inner-section elementor-element elementor-element-142b990 elementor-section-boxed elementor-section-height-default elementor-section-height-default\" data-id=\"142b990\" data-element_type=\"section\">\r\n\t\t\t\t\t\t<div class=\"elementor-container elementor-column-gap-default\">\r\n\t\t\t\t\t\t\t<div class=\"elementor-row\">\r\n\t\t\t\t\t<div class=\"elementor-column elementor-col-50 elementor-inner-column elementor-element elementor-element-99aa1a8\" data-id=\"99aa1a8\" data-element_type=\"column\">\r\n\t\t\t<div class=\"elementor-column-wrap elementor-element-populated\">\r\n\t\t\t\t\t\t\t<div class=\"elementor-widget-wrap\">\r\n\t\t\t\t\t\t<div class=\"elementor-element elementor-element-d49a532 elementor-widget elementor-widget-image\" data-id=\"d49a532\" data-element_type=\"widget\" data-widget_type=\"image.default\">\r\n\t\t\t\t<div class=\"elementor-widget-container\">\r\n\t\t\t\t\t\t\t\t<div class=\"elementor-image\">\r\n\t\t\t\t\t\t\t\t\t\t\t\t<img loading=\"lazy\" decoding=\"async\" width=\"800\" height=\"533\" src=\"https:\/\/pedagogikamontessori.pl\/szkola\/wp-content\/uploads\/2019\/11\/iStock-637831704_800x533.jpg\" class=\"attachment-large size-large\" alt=\"\" srcset=\"https:\/\/pedagogikamontessori.pl\/szkola\/wp-content\/uploads\/2019\/11\/iStock-637831704_800x533.jpg 800w, https:\/\/pedagogikamontessori.pl\/szkola\/wp-content\/uploads\/2019\/11\/iStock-637831704_800x533-300x200.jpg 300w, https:\/\/pedagogikamontessori.pl\/szkola\/wp-content\/uploads\/2019\/11\/iStock-637831704_800x533-768x512.jpg 768w\" sizes=\"(max-width: 800px) 100vw, 800px\" \/>\t\t\t\t\t\t\t\t\t\t\t\t\t\t<\/div>\r\n\t\t\t\t\t\t<\/div>\r\n\t\t\t\t<\/div>\r\n\t\t\t\t\t\t<\/div>\r\n\t\t\t\t\t<\/div>\r\n\t\t<\/div>\r\n\t\t\t\t<div class=\"elementor-column elementor-col-50 elementor-inner-column elementor-element elementor-element-d906e2a\" data-id=\"d906e2a\" data-element_type=\"column\">\r\n\t\t\t<div class=\"elementor-column-wrap elementor-element-populated\">\r\n\t\t\t\t\t\t\t<div class=\"elementor-widget-wrap\">\r\n\t\t\t\t\t\t<div class=\"elementor-element elementor-element-2fe8809 elementor-widget elementor-widget-text-editor\" data-id=\"2fe8809\" data-element_type=\"widget\" data-widget_type=\"text-editor.default\">\r\n\t\t\t\t<div class=\"elementor-widget-container\">\r\n\t\t\t\t\t\t\t\t<div class=\"elementor-text-editor elementor-clearfix\">\r\n\t\t\t\t<p>G\u0142\u00f3wnym celem szko\u0142y Montessori\u00a0\u00a0<span style=\"font-size: 1rem;\">jest dostarczenie szczeg\u00f3\u0142owo zaplanowanego, stymuluj\u0105cego otoczenia, kt\u00f3re b\u0119dzie pomaga\u0142o dzieciom rozwin\u0105\u0107 doskona\u0142y fundament pod uczenie kreatywne. Poszczeg\u00f3lne cele dla dzieci ucz\u0119szczaj\u0105cych do szko\u0142y\u00a0<\/span>Montessori\u00a0<span style=\"font-size: 1rem;\">podane s\u0105 poni\u017cej.<\/span><\/p><p><b>Rozwini\u0119cie pozytywnego nastawienia do szko\u0142y<\/b><\/p><p>Wi\u0119kszo\u015b\u0107 zaj\u0119\u0107 edukacyjnych jest zindywidualizowana, tzn. ka\u017cde dziecko anga\u017cuje si\u0119 w takie zadanie edukacyjne, kt\u00f3re szczeg\u00f3lnie do niego przemawia\u2026 poniewa\u017c odkrywa, \u017ce zadania te s\u0105 dostosowane do jego potrzeb i poziomu gotowo\u015bci. W konsekwencji pracuje ono swoim w\u0142asnym tempem, powtarzaj\u0105c dane zadanie tyle razy, ile ma ochot\u0119, do\u015bwiadczaj\u0105c dzi\u0119ki temu serii sukces\u00f3w. W ten spos\u00f3b buduje ono pozytywne nastawienie do samego uczenia si\u0119.<\/p>\t\t\t\t\t<\/div>\r\n\t\t\t\t\t\t<\/div>\r\n\t\t\t\t<\/div>\r\n\t\t\t\t\t\t<\/div>\r\n\t\t\t\t\t<\/div>\r\n\t\t<\/div>\r\n\t\t\t\t\t\t\t\t<\/div>\r\n\t\t\t\t\t<\/div>\r\n\t\t<\/section>\r\n\t\t\t\t<section class=\"elementor-section elementor-inner-section elementor-element elementor-element-43891d8 elementor-section-boxed elementor-section-height-default elementor-section-height-default\" data-id=\"43891d8\" data-element_type=\"section\">\r\n\t\t\t\t\t\t<div class=\"elementor-container elementor-column-gap-default\">\r\n\t\t\t\t\t\t\t<div class=\"elementor-row\">\r\n\t\t\t\t\t<div class=\"elementor-column elementor-col-100 elementor-inner-column elementor-element elementor-element-987cc3e\" data-id=\"987cc3e\" data-element_type=\"column\">\r\n\t\t\t<div class=\"elementor-column-wrap elementor-element-populated\">\r\n\t\t\t\t\t\t\t<div class=\"elementor-widget-wrap\">\r\n\t\t\t\t\t\t<div class=\"elementor-element elementor-element-398e5b7 elementor-widget elementor-widget-text-editor\" data-id=\"398e5b7\" data-element_type=\"widget\" data-widget_type=\"text-editor.default\">\r\n\t\t\t\t<div class=\"elementor-widget-container\">\r\n\t\t\t\t\t\t\t\t<div class=\"elementor-text-editor elementor-clearfix\">\r\n\t\t\t\t<p><b>Pomaganie ka\u017cdemu dziecku w rozwini\u0119ciu pewno\u015bci siebie<\/b><\/p><p>W szkole Montessori\u00a0<span style=\"font-size: 1rem;\">zadania przygotowane s\u0105 w taki spos\u00f3b, aby ka\u017cdy nowy krok opiera\u0142 si\u0119 na umiej\u0119tno\u015bciach, kt\u00f3re dziecko ju\u017c opanowa\u0142o, eliminuj\u0105c dzi\u0119ki temu negatywne do\u015bwiadczenie cz\u0119stej pora\u017cki. Pieczo\u0142owicie zaplanowana seria sukces\u00f3w podbudowuje w dziecku wewn\u0119trzn\u0105 pewno\u015b\u0107 siebie zapewniaj\u0105c je, \u017ce mo\u017ce uczy\u0107 si\u0119 samo. Takie buduj\u0105ce poczucie w\u0142asnej warto\u015bci zadania, w podobny spos\u00f3b maj\u0105 sw\u00f3j udzia\u0142 w zdrowym rozwoju emocjonalnym dziecka.<\/span><\/p><p>\u00a0<\/p><p><b>Wspieranie ka\u017cdego dziecka w wykszta\u0142caniu nawyku koncentracji<\/b><\/p><p>Efektywne uczenie zak\u0142ada umiej\u0119tno\u015b\u0107 uwa\u017cnego s\u0142uchania oraz po\u015bwi\u0119cania uwagi temu, co jest m\u00f3wione lub demonstrowane. Poprzez seri\u0119 absorbuj\u0105cych do\u015bwiadcze\u0144 dziecko wykszta\u0142ca nawyk wszechstronnej uwagi, zwi\u0119kszaj\u0105c w ten spos\u00f3b swoj\u0105 zdolno\u015b\u0107 uczenia si\u0119.<\/p><p>\u00a0<\/p><p><b>Piel\u0119gnowanie ci\u0105g\u0142ej ciekawo\u015bci<\/b><\/p><p>W gwa\u0142townie zmieniaj\u0105cym si\u0119 spo\u0142ecze\u0144stwie wszyscy w pewnym momencie naszego \u017cycia b\u0119dziemy studentami. G\u0142\u0119boka, uparta i nieprzerwana ciekawo\u015b\u0107 jest warunkiem zasadniczym do kreatywnego uczenia si\u0119. Zapewniaj\u0105c dziecku mo\u017cliwo\u015b\u0107 odkrywania w\u0142a\u015bciwo\u015bci, rozmiar\u00f3w i relacji zachodz\u0105cych w r\u00f3\u017cnorodnych stymuluj\u0105cych nauk\u0119 sytuacjach, rozwijana jest ciekawo\u015b\u0107 i ustanawiany zostaje nieodzowny element kreatywnego uczenia si\u0119.<\/p><p>\u00a0<\/p><p><b>Rozwijanie nawyku inicjatywy i wytrwa\u0142o\u015bci<\/b><\/p><p>Otaczaj\u0105c dziecko atrakcyjnymi materia\u0142ami i zaj\u0119ciami edukacyjnymi dostosowanymi do jego wewn\u0119trznych potrzeb, przyzwyczaja si\u0119 ono do anga\u017cowania si\u0119 w r\u00f3\u017cne czynno\u015bci z w\u0142asnej ch\u0119ci. Stopniowo wywo\u0142uje to nawyk podejmowania inicjatywy ? elementu niezb\u0119dnego dla lider\u00f3w. \u201eZasady gry\u201d wymagaj\u0105 sko\u0144czenia raz zacz\u0119tego zadania i stopniowo prowadz\u0105 do wykszta\u0142cenia nawyku wytrwa\u0142o\u015bci i cierpliwo\u015bci w odk\u0142adaniu materia\u0142\u00f3w dydaktycznych po zako\u0144czeniu zadania. To \u201eoczekiwanie zako\u0144czenia\u201d krok po kroku skutkuje nawykiem wytrwa\u0142o\u015bci i cierpliwo\u015bci.<\/p><p>\u00a0<\/p><p><b>Piel\u0119gnowanie w dziecku wewn\u0119trznego poczucia bezpiecze\u0144stwa oraz poczucia porz\u0105dku<\/b><\/p><p>Dzi\u0119ki uporz\u0105dkowanemu, wzbogaconemu ale prostemu otoczeniu istniej\u0105ca w dziecku potrzeba porz\u0105dku i bezpiecze\u0144stwa jest silnie zaspokojona. Mo\u017cna to zauwa\u017cy\u0107 w uspokajaj\u0105cym wp\u0142ywie, jaki ma otoczenie klasowe na dziecko. Poniewa\u017c wszystko w klasie Montessori\u00a0<span style=\"font-size: 1rem;\">ma swoje miejsce, a zasady wymagaj\u0105 tego, aby wszystko by\u0142o na miejsce odk\u0142adane, wewn\u0119trzna potrzeba porz\u0105dku jest w dziecku bezpo\u015brednio<\/span><\/p>\t\t\t\t\t<\/div>\r\n\t\t\t\t\t\t<\/div>\r\n\t\t\t\t<\/div>\r\n\t\t\t\t\t\t<\/div>\r\n\t\t\t\t\t<\/div>\r\n\t\t<\/div>\r\n\t\t\t\t\t\t\t\t<\/div>\r\n\t\t\t\t\t<\/div>\r\n\t\t<\/section>\r\n\t\t\t\t\t\t<\/div>\r\n\t\t\t\t\t<\/div>\r\n\t\t<\/div>\r\n\t\t\t\t\t\t\t\t<\/div>\r\n\t\t\t\t\t<\/div>\r\n\t\t<\/section>\r\n\t\t\t\t\t\t<\/div>\r\n\t\t\t\t\t\t<\/div>\r\n\t\t\t\t\t<\/div>\r\n\t\t","protected":false},"excerpt":{"rendered":"<p>Otoczenie G\u0142\u00f3wnym celem szko\u0142y Montessori\u00a0\u00a0jest dostarczenie szczeg\u00f3\u0142owo zaplanowanego, stymuluj\u0105cego otoczenia, kt\u00f3re b\u0119dzie pomaga\u0142o dzieciom rozwin\u0105\u0107 doskona\u0142y fundament pod uczenie kreatywne. Poszczeg\u00f3lne cele dla dzieci ucz\u0119szczaj\u0105cych do szko\u0142y\u00a0Montessori\u00a0podane s\u0105 poni\u017cej. Rozwini\u0119cie pozytywnego nastawienia do szko\u0142y Wi\u0119kszo\u015b\u0107 zaj\u0119\u0107 edukacyjnych jest zindywidualizowana, tzn. ka\u017cde dziecko anga\u017cuje si\u0119 w takie zadanie edukacyjne, kt\u00f3re szczeg\u00f3lnie do niego przemawia\u2026 poniewa\u017c odkrywa, [&hellip;]<\/p>\n","protected":false},"author":1,"featured_media":0,"parent":0,"menu_order":0,"comment_status":"closed","ping_status":"closed","template":"","meta":{"footnotes":""},"yoast_head":"<!-- This site is optimized with the Yoast SEO plugin v15.6.2 - https:\/\/yoast.com\/wordpress\/plugins\/seo\/ -->\n<title>OTOCZENIE - Montessori - Szko\u0142a<\/title>\n<meta name=\"robots\" content=\"index, follow, max-snippet:-1, max-image-preview:large, max-video-preview:-1\" \/>\n<link rel=\"canonical\" href=\"https:\/\/pedagogikamontessori.pl\/szkola\/otoczenie\/\" \/>\n<meta property=\"og:locale\" content=\"pl_PL\" \/>\n<meta property=\"og:type\" content=\"article\" \/>\n<meta property=\"og:title\" content=\"OTOCZENIE - Montessori - Szko\u0142a\" \/>\n<meta property=\"og:description\" content=\"Otoczenie G\u0142\u00f3wnym celem szko\u0142y Montessori\u00a0\u00a0jest dostarczenie szczeg\u00f3\u0142owo zaplanowanego, stymuluj\u0105cego otoczenia, kt\u00f3re b\u0119dzie pomaga\u0142o dzieciom rozwin\u0105\u0107 doskona\u0142y fundament pod uczenie kreatywne. Poszczeg\u00f3lne cele dla dzieci ucz\u0119szczaj\u0105cych do szko\u0142y\u00a0Montessori\u00a0podane s\u0105 poni\u017cej. Rozwini\u0119cie pozytywnego nastawienia do szko\u0142y Wi\u0119kszo\u015b\u0107 zaj\u0119\u0107 edukacyjnych jest zindywidualizowana, tzn. ka\u017cde dziecko anga\u017cuje si\u0119 w takie zadanie edukacyjne, kt\u00f3re szczeg\u00f3lnie do niego przemawia\u2026 poniewa\u017c odkrywa, [&hellip;]\" \/>\n<meta property=\"og:url\" content=\"https:\/\/pedagogikamontessori.pl\/szkola\/otoczenie\/\" \/>\n<meta property=\"og:site_name\" content=\"Montessori - Szko\u0142a\" \/>\n<meta property=\"article:modified_time\" content=\"2019-11-18T12:15:07+00:00\" \/>\n<meta property=\"og:image\" content=\"https:\/\/pedagogikamontessori.pl\/szkola\/wp-content\/uploads\/2019\/11\/iStock-637831704_800x533.jpg\" \/>\n<meta name=\"twitter:card\" content=\"summary_large_image\" \/>\n<meta name=\"twitter:label1\" content=\"Est. reading time\">\n\t<meta name=\"twitter:data1\" content=\"3 minuty\">\n<script type=\"application\/ld+json\" class=\"yoast-schema-graph\">{\"@context\":\"https:\/\/schema.org\",\"@graph\":[{\"@type\":\"WebSite\",\"@id\":\"https:\/\/pedagogikamontessori.pl\/szkola\/#website\",\"url\":\"https:\/\/pedagogikamontessori.pl\/szkola\/\",\"name\":\"Montessori - Szko\\u0142a\",\"description\":\"Kolejna witryna WordPress\",\"potentialAction\":[{\"@type\":\"SearchAction\",\"target\":\"https:\/\/pedagogikamontessori.pl\/szkola\/?s={search_term_string}\",\"query-input\":\"required name=search_term_string\"}],\"inLanguage\":\"pl-PL\"},{\"@type\":\"ImageObject\",\"@id\":\"https:\/\/pedagogikamontessori.pl\/szkola\/otoczenie\/#primaryimage\",\"inLanguage\":\"pl-PL\",\"url\":\"https:\/\/pedagogikamontessori.pl\/szkola\/wp-content\/uploads\/2019\/11\/iStock-637831704_800x533.jpg\"},{\"@type\":\"WebPage\",\"@id\":\"https:\/\/pedagogikamontessori.pl\/szkola\/otoczenie\/#webpage\",\"url\":\"https:\/\/pedagogikamontessori.pl\/szkola\/otoczenie\/\",\"name\":\"OTOCZENIE - Montessori - Szko\\u0142a\",\"isPartOf\":{\"@id\":\"https:\/\/pedagogikamontessori.pl\/szkola\/#website\"},\"primaryImageOfPage\":{\"@id\":\"https:\/\/pedagogikamontessori.pl\/szkola\/otoczenie\/#primaryimage\"},\"datePublished\":\"2019-09-17T10:52:18+00:00\",\"dateModified\":\"2019-11-18T12:15:07+00:00\",\"breadcrumb\":{\"@id\":\"https:\/\/pedagogikamontessori.pl\/szkola\/otoczenie\/#breadcrumb\"},\"inLanguage\":\"pl-PL\",\"potentialAction\":[{\"@type\":\"ReadAction\",\"target\":[\"https:\/\/pedagogikamontessori.pl\/szkola\/otoczenie\/\"]}]},{\"@type\":\"BreadcrumbList\",\"@id\":\"https:\/\/pedagogikamontessori.pl\/szkola\/otoczenie\/#breadcrumb\",\"itemListElement\":[{\"@type\":\"ListItem\",\"position\":1,\"item\":{\"@type\":\"WebPage\",\"@id\":\"https:\/\/pedagogikamontessori.pl\/szkola\/\",\"url\":\"https:\/\/pedagogikamontessori.pl\/szkola\/\",\"name\":\"Strona g\\u0142\\u00f3wna\"}},{\"@type\":\"ListItem\",\"position\":2,\"item\":{\"@type\":\"WebPage\",\"@id\":\"https:\/\/pedagogikamontessori.pl\/szkola\/otoczenie\/\",\"url\":\"https:\/\/pedagogikamontessori.pl\/szkola\/otoczenie\/\",\"name\":\"OTOCZENIE\"}}]}]}<\/script>\n<!-- \/ Yoast SEO plugin. -->","_links":{"self":[{"href":"https:\/\/pedagogikamontessori.pl\/szkola\/wp-json\/wp\/v2\/pages\/172"}],"collection":[{"href":"https:\/\/pedagogikamontessori.pl\/szkola\/wp-json\/wp\/v2\/pages"}],"about":[{"href":"https:\/\/pedagogikamontessori.pl\/szkola\/wp-json\/wp\/v2\/types\/page"}],"author":[{"embeddable":true,"href":"https:\/\/pedagogikamontessori.pl\/szkola\/wp-json\/wp\/v2\/users\/1"}],"replies":[{"embeddable":true,"href":"https:\/\/pedagogikamontessori.pl\/szkola\/wp-json\/wp\/v2\/comments?post=172"}],"version-history":[{"count":6,"href":"https:\/\/pedagogikamontessori.pl\/szkola\/wp-json\/wp\/v2\/pages\/172\/revisions"}],"predecessor-version":[{"id":686,"href":"https:\/\/pedagogikamontessori.pl\/szkola\/wp-json\/wp\/v2\/pages\/172\/revisions\/686"}],"wp:attachment":[{"href":"https:\/\/pedagogikamontessori.pl\/szkola\/wp-json\/wp\/v2\/media?parent=172"}],"curies":[{"name":"wp","href":"https:\/\/api.w.org\/{rel}","templated":true}]}}