{"id":168,"date":"2019-09-17T10:48:48","date_gmt":"2019-09-17T10:48:48","guid":{"rendered":"https:\/\/pedagogikamontessori.pl\/szkola\/edukacja-domowa-copy\/"},"modified":"2023-04-19T16:39:00","modified_gmt":"2023-04-19T16:39:00","slug":"program","status":"publish","type":"page","link":"https:\/\/pedagogikamontessori.pl\/szkola\/program\/","title":{"rendered":"PROGRAM"},"content":{"rendered":"\t\t<div data-elementor-type=\"wp-page\" data-elementor-id=\"168\" class=\"elementor elementor-168\" data-elementor-settings=\"[]\">\r\n\t\t\t\t\t\t<div class=\"elementor-inner\">\r\n\t\t\t\t\t\t\t<div class=\"elementor-section-wrap\">\r\n\t\t\t\t\t\t\t<section class=\"elementor-section elementor-top-section elementor-element elementor-element-49ace58 elementor-section-stretched elementor-section-height-min-height elementor-section-boxed elementor-section-height-default elementor-section-items-middle\" data-id=\"49ace58\" data-element_type=\"section\" data-settings=\"{&quot;stretch_section&quot;:&quot;section-stretched&quot;,&quot;background_background&quot;:&quot;classic&quot;}\">\r\n\t\t\t\t\t\t\t<div class=\"elementor-background-overlay\"><\/div>\r\n\t\t\t\t\t\t\t<div class=\"elementor-container elementor-column-gap-default\">\r\n\t\t\t\t\t\t\t<div class=\"elementor-row\">\r\n\t\t\t\t\t<div class=\"elementor-column elementor-col-100 elementor-top-column elementor-element elementor-element-ed920cb\" data-id=\"ed920cb\" data-element_type=\"column\">\r\n\t\t\t<div class=\"elementor-column-wrap elementor-element-populated\">\r\n\t\t\t\t\t\t\t<div class=\"elementor-widget-wrap\">\r\n\t\t\t\t\t\t<div class=\"elementor-element elementor-element-0c1fc73 elementor-widget elementor-widget-heading\" data-id=\"0c1fc73\" data-element_type=\"widget\" data-widget_type=\"heading.default\">\r\n\t\t\t\t<div class=\"elementor-widget-container\">\r\n\t\t\t<h1 class=\"elementor-heading-title elementor-size-default\">Program<\/h1>\t\t<\/div>\r\n\t\t\t\t<\/div>\r\n\t\t\t\t<div class=\"elementor-element elementor-element-d206736 elementor-widget elementor-widget-breadcrumbs\" data-id=\"d206736\" data-element_type=\"widget\" data-widget_type=\"breadcrumbs.default\">\r\n\t\t\t\t<div class=\"elementor-widget-container\">\r\n\t\t\t<p id=\"breadcrumbs\"><span><span><a href=\"https:\/\/pedagogikamontessori.pl\/szkola\/\">Strona g\u0142\u00f3wna<\/a><\/span><\/p>\t\t<\/div>\r\n\t\t\t\t<\/div>\r\n\t\t\t\t\t\t<\/div>\r\n\t\t\t\t\t<\/div>\r\n\t\t<\/div>\r\n\t\t\t\t\t\t\t\t<\/div>\r\n\t\t\t\t\t<\/div>\r\n\t\t<\/section>\r\n\t\t\t\t<section class=\"elementor-section elementor-top-section elementor-element elementor-element-2a80303 elementor-section-stretched elementor-section-boxed elementor-section-height-default elementor-section-height-default\" data-id=\"2a80303\" data-element_type=\"section\" data-settings=\"{&quot;stretch_section&quot;:&quot;section-stretched&quot;}\">\r\n\t\t\t\t\t\t<div class=\"elementor-container elementor-column-gap-default\">\r\n\t\t\t\t\t\t\t<div class=\"elementor-row\">\r\n\t\t\t\t\t<div class=\"elementor-column elementor-col-100 elementor-top-column elementor-element elementor-element-2270ba0\" data-id=\"2270ba0\" data-element_type=\"column\">\r\n\t\t\t<div class=\"elementor-column-wrap elementor-element-populated\">\r\n\t\t\t\t\t\t\t<div class=\"elementor-widget-wrap\">\r\n\t\t\t\t\t\t<section class=\"elementor-section elementor-inner-section elementor-element elementor-element-142b990 elementor-section-boxed elementor-section-height-default elementor-section-height-default\" data-id=\"142b990\" data-element_type=\"section\">\r\n\t\t\t\t\t\t<div class=\"elementor-container elementor-column-gap-default\">\r\n\t\t\t\t\t\t\t<div class=\"elementor-row\">\r\n\t\t\t\t\t<div class=\"elementor-column elementor-col-50 elementor-inner-column elementor-element elementor-element-99aa1a8\" data-id=\"99aa1a8\" data-element_type=\"column\">\r\n\t\t\t<div class=\"elementor-column-wrap elementor-element-populated\">\r\n\t\t\t\t\t\t\t<div class=\"elementor-widget-wrap\">\r\n\t\t\t\t\t\t<div class=\"elementor-element elementor-element-d49a532 elementor-widget elementor-widget-image\" data-id=\"d49a532\" data-element_type=\"widget\" data-widget_type=\"image.default\">\r\n\t\t\t\t<div class=\"elementor-widget-container\">\r\n\t\t\t\t\t\t\t\t<div class=\"elementor-image\">\r\n\t\t\t\t\t\t\t\t\t\t\t\t<img loading=\"lazy\" decoding=\"async\" width=\"800\" height=\"533\" src=\"https:\/\/pedagogikamontessori.pl\/szkola\/wp-content\/uploads\/2019\/11\/iStock-615629394_800x533.jpg\" class=\"attachment-large size-large\" alt=\"\" srcset=\"https:\/\/pedagogikamontessori.pl\/szkola\/wp-content\/uploads\/2019\/11\/iStock-615629394_800x533.jpg 800w, https:\/\/pedagogikamontessori.pl\/szkola\/wp-content\/uploads\/2019\/11\/iStock-615629394_800x533-300x200.jpg 300w, https:\/\/pedagogikamontessori.pl\/szkola\/wp-content\/uploads\/2019\/11\/iStock-615629394_800x533-768x512.jpg 768w\" sizes=\"(max-width: 800px) 100vw, 800px\" \/>\t\t\t\t\t\t\t\t\t\t\t\t\t\t<\/div>\r\n\t\t\t\t\t\t<\/div>\r\n\t\t\t\t<\/div>\r\n\t\t\t\t\t\t<\/div>\r\n\t\t\t\t\t<\/div>\r\n\t\t<\/div>\r\n\t\t\t\t<div class=\"elementor-column elementor-col-50 elementor-inner-column elementor-element elementor-element-d906e2a\" data-id=\"d906e2a\" data-element_type=\"column\">\r\n\t\t\t<div class=\"elementor-column-wrap elementor-element-populated\">\r\n\t\t\t\t\t\t\t<div class=\"elementor-widget-wrap\">\r\n\t\t\t\t\t\t<div class=\"elementor-element elementor-element-2fe8809 elementor-widget elementor-widget-text-editor\" data-id=\"2fe8809\" data-element_type=\"widget\" data-widget_type=\"text-editor.default\">\r\n\t\t\t\t<div class=\"elementor-widget-container\">\r\n\t\t\t\t\t\t\t\t<div class=\"elementor-text-editor elementor-clearfix\">\r\n\t\t\t\t<p><span style=\"font-size: 1rem;\">Szko\u0142a pracuje w oparciu o znan\u0105 od ponad 100 lat i cenion\u0105 na ca\u0142ym \u015bwiecie pedagogik\u0119 w\u0142oskiej dr psychiatrii M.\u00a0<\/span>Montessori\u00a0<span style=\"font-size: 1rem;\">. Autorka tej, jedynej naukowo opracowanej, pedagogiki zosta\u0142a dwukrotnie nominowana do Nagrody Nobla, a wsp\u00f3\u0142cze\u015bni neurobiolodzy potwierdzaj\u0105 skuteczno\u015b\u0107 tej metody nauczania jako wszechstronnego kszta\u0142towania cz\u0142owieka ku warto\u015bciom i umiej\u0119tno\u015bciom my\u015blenia i dzia\u0142ania. Plac\u00f3wki tworzone wed\u0142ug zasad tej\u017ce pedagogiki tworz\u0105 sie\u0107 blisko 4 000 presti\u017cowych szk\u00f3\u0142 na wszystkich kontynentach. Pracuj\u0105 one wed\u0142ug mi\u0119dzynarodowego programu edukacyjnego w my\u015bl warto\u015bci takich jak: szacunek, odpowiedzialno\u015b\u0107, dobro i pi\u0119kno.<\/span><\/p><p><span style=\"font-size: 1rem;\">Celem jest wychowanie autonomicznego, kompetentnego, odpowiedzialnego oraz zdolnego do adaptacji cz\u0142owieka, kt\u00f3ry jest otwarty na uczenie si\u0119 przez ca\u0142e \u017cycie oraz skupia si\u0119 na rozwi\u0105zywaniu problem\u00f3w.<\/span><\/p><p><span style=\"font-size: 1rem;\">Nasza szko\u0142a, to miejsce gdzie najwa\u017cniejsze s\u0105 dzieci. To dla nich zorganizowana zosta\u0142a przestrze\u0144, w kt\u00f3rej b\u0119d\u0105 si\u0119 czu\u0107 swobodnie i bezpiecznie. Dzieci w wieku szkolnym najch\u0119tniej ucz\u0105 si\u0119 poprzez aktywne dzia\u0142anie. Metoda\u00a0<\/span>Montessori\u00a0<span style=\"font-size: 1rem;\">daje gwarancj\u0119 zdobycia przez dziecko takiego samego lub wy\u017cszego poziomu wiedzy szkolnej w stosunku do konwencjonalnego systemu. Podstawa programowa jest tylko elementem naszego znacznie szerszego programu nauczania.<\/span><\/p>\t\t\t\t\t<\/div>\r\n\t\t\t\t\t\t<\/div>\r\n\t\t\t\t<\/div>\r\n\t\t\t\t\t\t<\/div>\r\n\t\t\t\t\t<\/div>\r\n\t\t<\/div>\r\n\t\t\t\t\t\t\t\t<\/div>\r\n\t\t\t\t\t<\/div>\r\n\t\t<\/section>\r\n\t\t\t\t<section class=\"elementor-section elementor-inner-section elementor-element elementor-element-43891d8 elementor-section-boxed elementor-section-height-default elementor-section-height-default\" data-id=\"43891d8\" data-element_type=\"section\">\r\n\t\t\t\t\t\t<div class=\"elementor-container elementor-column-gap-default\">\r\n\t\t\t\t\t\t\t<div class=\"elementor-row\">\r\n\t\t\t\t\t<div class=\"elementor-column elementor-col-100 elementor-inner-column elementor-element elementor-element-987cc3e\" data-id=\"987cc3e\" data-element_type=\"column\">\r\n\t\t\t<div class=\"elementor-column-wrap elementor-element-populated\">\r\n\t\t\t\t\t\t\t<div class=\"elementor-widget-wrap\">\r\n\t\t\t\t\t\t<div class=\"elementor-element elementor-element-398e5b7 elementor-widget elementor-widget-text-editor\" data-id=\"398e5b7\" data-element_type=\"widget\" data-widget_type=\"text-editor.default\">\r\n\t\t\t\t<div class=\"elementor-widget-container\">\r\n\t\t\t\t\t\t\t\t<div class=\"elementor-text-editor elementor-clearfix\">\r\n\t\t\t\t<p><b>Klasa w szkole&nbsp;<span style=\"font-size: 1rem;\">Montessori&nbsp;<\/span><\/b><\/p>\n<p>Klasa w szkole Montessori<span style=\"font-size: 1rem;\">&nbsp;<\/span><span style=\"font-size: 1rem;\">ju\u017c na pierwszy rzut oka r\u00f3\u017cni si\u0119 od tradycyjnej. W klasie nie ma poustawianych w rz\u0119dach \u0142awek skierowanych w stron\u0119 nauczyciela. Nauczyciel nie stoi przy tablicy, poniewa\u017c jej nie ma. Grupki dzieci w r\u00f3\u017cnym wieku pracuj\u0105 nad wsp\u00f3lnymi projektami. Cz\u0119\u015b\u0107 z nich siedzi przy sto\u0142ach lub \u0142awkach razem ze sob\u0105 zestawionych, podczas gdy inne na pod\u0142odze pracuj\u0105 z interesuj\u0105cymi materia\u0142ami.<\/span><\/p>\n<p>Sale w szkole wyposa\u017cone s\u0105 w starannie przygotowane i pogrupowane materia\u0142y dost\u0119pne dla dzieci. Ucze\u0144 wykorzystuje je do uczenia si\u0119 i eksperymentowania w zakresie j\u0119zyka polskiego i angielskiego, matematyki, wiedzy o \u015bwiecie, plastyki oraz umiej\u0119tno\u015bci praktycznych. Dzi\u0119ki temu wiedza w szkole podstawowej zdobywana jest w spos\u00f3b przyjemny dla dziecka i zach\u0119ca go do dalszej nauki.<\/p>\n<p><b>Praca w\u0142asna<br><\/b>Prac\u0119 w znaczeniu Pedagogiki Montessori&nbsp;<span style=\"font-size: 1rem;\">nale\u017cy rozumie\u0107 jako tak\u0105 aktywno\u015b\u0107 dziecka, kt\u00f3ra ma charakter rozwojowy, poznawczy, kszta\u0142c\u0105cy i prowadzi do osi\u0105gni\u0119cia konkretnego celu.<\/span><\/p>\n<p>Nauka opiera si\u0119 na specjalnie opracowanych pomocach edukacyjno-rozwojowych, uporz\u0105dkowanych tematycznie.<br>Dziecko samo wybiera, z czym chce w danej chwili pracowa\u0107 i ile czasu temu po\u015bwi\u0119ci. Nauczyciel nie ingeruje w jego prac\u0119, nie poucza go i nie przeszkadza. Obserwuje dziecko i stara si\u0119 pod\u0105\u017ca\u0107 za nim, podsuwaj\u0105c mu kolejne pomys\u0142y na dzia\u0142anie.<\/p>\n<p>Praca montessoria\u0144ska anga\u017cuje r\u0119ce, umys\u0142 i zmys\u0142y. W ten spos\u00f3b dziecko rozwija swoj\u0105 wyobra\u017ani\u0119, zbiera potrzebne do\u015bwiadczenia. Abstrakcyjne poj\u0119cia staj\u0105 si\u0119 ja\u015bniejsze, a zdobywanie wiedzy staje si\u0119 rado\u015bci\u0105.<\/p>\n<p><b>Pomoce&nbsp;Montessori&nbsp;<\/b><span style=\"font-size: 1rem;\">to r\u00f3\u017cnego rodzaju przedmioty inspiruj\u0105ce dzieci do tw\u00f3rczego dzia\u0142ania.<\/span><\/p>\n<p>Cechuje je prostota, estetyka i przemy\u015blana konstrukcja. Ka\u017cda pomoc zbudowana jest wed\u0142ug zasady stopniowania trudno\u015bci i zawiera mo\u017cliwo\u015b\u0107 samodzielnej kontroli dokonywanej przez dziecko. Te specyficzne cechy dydaktycznych materia\u0142\u00f3w Montessori&nbsp;<span style=\"font-size: 1rem;\">umo\u017cliwiaj\u0105 dziecku samodzielne dzia\u0142anie. Ca\u0142y materia\u0142 jest ze sob\u0105 logicznie powi\u0105zany, stanowi integraln\u0105 ca\u0142o\u015b\u0107. Ka\u017cda grupa pomocy jest podstaw\u0105 do nast\u0119pnych bardziej skomplikowanych i abstrakcyjnych dzia\u0142a\u0144. Zdobyt\u0105 wiedz\u0119 dziecko potrafi wykorzysta\u0107 w praktyce, np. \u0107wicz\u0105c z materia\u0142em kszta\u0142c\u0105cym wra\u017cliwo\u015b\u0107 na barwy przenosi umiej\u0119tno\u015b\u0107 rozr\u00f3\u017cniania kolor\u00f3w na swoje dzia\u0142ania w otoczeniu.<\/span><\/p>\n<p><b>Nauczyciel w pedagogice&nbsp;Montessori&nbsp;<\/b><span style=\"font-size: 1rem;\">ma szczeg\u00f3ln\u0105 rol\u0119. Jest pomocnikiem, doradc\u0105, s\u0142ug\u0105 dziecka w jego drodze do doros\u0142o\u015bci. Obserwuje, podpowiada, ale nie przejmuje aktywno\u015bci za dziecko, nie narzuca swojej obecno\u015bci. Pokazuje jak pos\u0142ugiwa\u0107 si\u0119 pomocami, jakie maj\u0105 one przeznaczenie, jak o nie dba\u0107. Pomaga, gdy jest o to poproszony. Pomaga, ale nie wyr\u0119cza. Daje dziecku mo\u017cliwo\u015b\u0107 do\u015bwiadczania. Czeka na sygna\u0142y od dziecka i reaguje na nie. Nie krytykuje, nie poprawia, pokazuje. Nie musi chwali\u0107. Wystarczy, \u017ce ca\u0142ym sob\u0105 pokazuje, \u017ce akceptuje poczynania dziecka.<\/span><\/p>\n<p>Nauczyciel wprowadza regu\u0142y funkcjonowania grupy. Wsp\u00f3lnie z dzie\u0107mi ustala zasady pracy. P\u00f3\u017aniej pilnuje by by\u0142y one przestrzegane. Nauczyciel ma indywidualny kontakt z ka\u017cdym dzieckiem. Prowadzi obserwacje ka\u017cdego dziecka, aby wiedzie\u0107 czemu po\u015bwi\u0119ci\u0107 wi\u0119cej uwagi, d\u0105\u017c\u0105c do harmonijnego rozwoju dziecka.<\/p>\n<p><b>Wsp\u00f3lnota dzieci<br><\/b>Niezb\u0119dn\u0105 cz\u0119\u015bci\u0105 \u015brodowiska, w kt\u00f3rym odbywa si\u0119 uczenie, jest obecno\u015b\u0107 w nim innych dzieci. Klasa Montessori&nbsp;<span style=\"font-size: 1rem;\">dostarcza szerokich mo\u017cliwo\u015bci nawi\u0105zywania przyja\u017ani, interakcji z innymi, rozwini\u0119cia umiej\u0119tno\u015bci brania pod uwag\u0119 odmiennego zdania czy zachowania innych dzieci, nauczenia si\u0119 wsp\u00f3\u0142pracy i piel\u0119gnowania poczucia samodzielno\u015bci. W tak przygotowanym \u015brodowisku nacisk k\u0142adzie si\u0119 na wsp\u00f3\u0142prac\u0119 i poczucie wsp\u00f3lnoty. Indywidualne r\u00f3\u017cnice z \u0142atwo\u015bci\u0105 s\u0105 akceptowane i doceniane, a ka\u017cde dziecko traktowane jest i nauczane jako jednostka. W jednej grupie znajduj\u0105 si\u0119 dzieci w r\u00f3\u017cnym wieku. To dostarcza ogromnych mo\u017cliwo\u015bci uczenia si\u0119 i pomaga wykszta\u0142ci\u0107 poczucie wsp\u00f3lnoty, gdzie ka\u017cdy ma sw\u00f3j wk\u0142ad i bierze odpowiedzialno\u015b\u0107 za funkcjonowanie i utrzymanie swojego otoczenia. Z powodu zr\u00f3\u017cnicowanej grupy wiekowej, w klasach powstaje proces przekazywania. Starsze dzieci staj\u0105 si\u0119 liderami, zapewniaj\u0105 wskaz\u00f3wki i spe\u0142niaj\u0105 rol\u0119 wzoru do na\u015bladowania dla dzieci m\u0142odszych. Dzieci starsze r\u00f3wnie\u017c czerpi\u0105 korzy\u015bci z udzielania pomocy m\u0142odszym, umacniaj\u0105 nabyte umiej\u0119tno\u015bci i wiedz\u0119 i czerpi\u0105 satysfakcje z pomagania innym. Po\u0142\u0105czenie dzieci w r\u00f3\u017cnym wieku dostarcza r\u00f3wnie\u017c okazji do nawi\u0105zywania r\u00f3\u017cnorodnych, bezpiecznych, d\u0142ugotrwa\u0142ych i maj\u0105cych znaczenie przyja\u017ani. \u017bycie towarzyskie dzieci jest istotnym aspektem klas i programu zaj\u0119\u0107 Montessori. Wspomaganie zdolno\u015bci zwi\u0105zanych z \u017cyciem w spo\u0142ecze\u0144stwie, rozwoju i umiej\u0119tno\u015bci dzieci jest niezb\u0119dne do wprowadzenia efektywnego programu Montessori. Wa\u017cne jest, aby trudno\u015bci oraz wzloty i upadki w relacjach by\u0142y wspierane i wspomagane przez rodzic\u00f3w wyczulonych na potrzeby oraz rozw\u00f3j spo\u0142eczny dzieci.<\/span><\/p>\n<p><b>Zaj\u0119cia obowi\u0105zkowe<br><\/b><span style=\"color: var( --e-global-color-text ); font-weight: var( --e-global-typography-text-font-weight ); font-size: 1rem;\">W klasach I-III codziennie odbywa si\u0119 trzygodzinny blok pracy w\u0142asnej, co wykracza tre\u015bciowo poza 20 godzin lekcyjnych edukacji wczesnoszkolnej tygodniowo. Opr\u00f3cz montessoria\u0144skiej pracy w\u0142asnej w naszej szkole odbywaj\u0105 si\u0119 prezentacje grupowe&nbsp; z przyrody, matematyki, j\u0119zyka polskiego, zaj\u0119cia j\u0119zyka angielskiego, francuskiego, plastyczne, muzyka, w-f, religia\/etyka, informatyka oraz zaj. rozwoju osobistego (kinezjologia i lekcje uwa\u017cno\u015bci)<\/span><\/p>\n<p>W klasach starszych dzieci realizuj\u0105 podstaw\u0119 programow\u0105 na zaj\u0119ciach z nauczycielami przedmiotowymi w blokach przedmiotowych i mi\u0119dzyprzedmiotowych oraz na pracy w\u0142asnej. Ich program jest wzbogacony o treningi na \u015bwie\u017cym powietrzu, relaksacje, psychoedukacj\u0119 oraz spotkania spo\u0142eczno\u015bci.&nbsp;<\/p>\n<p><b>Ko\u0142a zainteresowa\u0144<br><\/b>W naszej szkole pod\u0105\u017camy za pasjami dzieci. Chcemy je wspiera\u0107 i rozwija\u0107. Organizujemy zaj\u0119cia w ramach k\u00f3\u0142 zainteresowa\u0144 m.in: szachy, robotyka, laboratorium przyrodnicze.<\/p>\n<p><b>Zaj\u0119cia sportowe &#8211; wf i basen<br><\/b>Dzieci w klasie montessoria\u0144skiej w odr\u00f3\u017cnieniu od swoich koleg\u00f3w w szkole konwencjonalnej maj\u0105 zapewnione du\u017co ruchu- swoboda poruszania si\u0119 po klasie, miejsce do odpoczynku, pi\u0142ka rehabilitacyjna, mo\u017cliwo\u015b\u0107 pracy przy stole na siedz\u0105co, przy stole zaprojektowanym do pracy na stoj\u0105co czy na dywanie. Wszystko to sprawia, i\u017c aktywno\u015b\u0107 dzieci nie jest t\u0142umiona co wspomaga rozw\u00f3j ich uk\u0142adu nerwowego. Nie mniej jednak jako osobne zaj\u0119cia realizowany jest program wychowania fizycznego \u2013 przede wszystkim na lekcjach wychowania fizycznego ( w wynaj\u0119tym zapleczu sportowym, w\u0142asnej salce do zaj\u0119\u0107 ruchowych oraz na dworzu, w lesie i na basenie. S\u0105 to zaj\u0119cia, w kt\u00f3rych obowi\u0105zkowo uczestnicz\u0105 wszyscy uczniowie. Na nich dzieci rozwijaj\u0105 i podnosz\u0105 na wy\u017cszy poziom swoje umiej\u0119tno\u015bci ruchowe oraz kszta\u0142tuj\u0105 sw\u00f3j stosunek do aktywno\u015bci fizycznej. Celem zaj\u0119\u0107 sportowych jest nie tylko rozw\u00f3j fizyczny, lecz r\u00f3wnie\u017c wdro\u017cenie uczni\u00f3w do przestrzegania zasad wsp\u00f3\u0142\u017cycia zespo\u0142owego, kszta\u0142towanie samodyscypliny, rozwijanie poczucia odpowiedzialno\u015bci za zdrowie i bezpiecze\u0144stwo swoje oraz koleg\u00f3w. Bardzo wa\u017cne jest r\u00f3wnie\u017c kszta\u0142towanie potrzeby podporz\u0105dkowania si\u0119 okre\u015blonym regu\u0142om gier i zabaw, propagowanie zasad czystej gry (fair play), rozwijanie wiary we w\u0142asne si\u0142y, prze\u0142amywanie l\u0119k\u00f3w i obaw<\/p>\n<p><b>Zielona szko\u0142a<\/b><\/p>\n<p>P\u00f3\u017an\u0105 wiosn\u0105 dzieci wyje\u017cd\u017caj\u0105 na kilkudniow\u0105 zielon\u0105 szko\u0142\u0119 o charakterze przyrodniczym, krajoznawczym lub kulturoznawczym. Dzieci w programie klas 4-8 maj\u0105 przewidziane dwa wyjazdy rocznie.<\/p>\t\t\t\t\t<\/div>\r\n\t\t\t\t\t\t<\/div>\r\n\t\t\t\t<\/div>\r\n\t\t\t\t\t\t<\/div>\r\n\t\t\t\t\t<\/div>\r\n\t\t<\/div>\r\n\t\t\t\t\t\t\t\t<\/div>\r\n\t\t\t\t\t<\/div>\r\n\t\t<\/section>\r\n\t\t\t\t\t\t<\/div>\r\n\t\t\t\t\t<\/div>\r\n\t\t<\/div>\r\n\t\t\t\t\t\t\t\t<\/div>\r\n\t\t\t\t\t<\/div>\r\n\t\t<\/section>\r\n\t\t\t\t\t\t<\/div>\r\n\t\t\t\t\t\t<\/div>\r\n\t\t\t\t\t<\/div>\r\n\t\t","protected":false},"excerpt":{"rendered":"<p>Program Szko\u0142a pracuje w oparciu o znan\u0105 od ponad 100 lat i cenion\u0105 na ca\u0142ym \u015bwiecie pedagogik\u0119 w\u0142oskiej dr psychiatrii M.\u00a0Montessori\u00a0. Autorka tej, jedynej naukowo opracowanej, pedagogiki zosta\u0142a dwukrotnie nominowana do Nagrody Nobla, a wsp\u00f3\u0142cze\u015bni neurobiolodzy potwierdzaj\u0105 skuteczno\u015b\u0107 tej metody nauczania jako wszechstronnego kszta\u0142towania cz\u0142owieka ku warto\u015bciom i umiej\u0119tno\u015bciom my\u015blenia i dzia\u0142ania. Plac\u00f3wki tworzone wed\u0142ug [&hellip;]<\/p>\n","protected":false},"author":1,"featured_media":0,"parent":0,"menu_order":0,"comment_status":"closed","ping_status":"closed","template":"","meta":{"footnotes":""},"yoast_head":"<!-- This site is optimized with the Yoast SEO plugin v15.6.2 - https:\/\/yoast.com\/wordpress\/plugins\/seo\/ -->\n<title>PROGRAM - Montessori - Szko\u0142a<\/title>\n<meta name=\"robots\" content=\"index, follow, max-snippet:-1, max-image-preview:large, max-video-preview:-1\" \/>\n<link rel=\"canonical\" href=\"https:\/\/pedagogikamontessori.pl\/szkola\/program\/\" \/>\n<meta property=\"og:locale\" content=\"pl_PL\" \/>\n<meta property=\"og:type\" content=\"article\" \/>\n<meta property=\"og:title\" content=\"PROGRAM - Montessori - Szko\u0142a\" \/>\n<meta property=\"og:description\" content=\"Program Szko\u0142a pracuje w oparciu o znan\u0105 od ponad 100 lat i cenion\u0105 na ca\u0142ym \u015bwiecie pedagogik\u0119 w\u0142oskiej dr psychiatrii M.\u00a0Montessori\u00a0. Autorka tej, jedynej naukowo opracowanej, pedagogiki zosta\u0142a dwukrotnie nominowana do Nagrody Nobla, a wsp\u00f3\u0142cze\u015bni neurobiolodzy potwierdzaj\u0105 skuteczno\u015b\u0107 tej metody nauczania jako wszechstronnego kszta\u0142towania cz\u0142owieka ku warto\u015bciom i umiej\u0119tno\u015bciom my\u015blenia i dzia\u0142ania. Plac\u00f3wki tworzone wed\u0142ug [&hellip;]\" \/>\n<meta property=\"og:url\" content=\"https:\/\/pedagogikamontessori.pl\/szkola\/program\/\" \/>\n<meta property=\"og:site_name\" content=\"Montessori - Szko\u0142a\" \/>\n<meta property=\"article:modified_time\" content=\"2023-04-19T16:39:00+00:00\" \/>\n<meta property=\"og:image\" content=\"https:\/\/pedagogikamontessori.pl\/szkola\/wp-content\/uploads\/2019\/11\/iStock-615629394_800x533.jpg\" \/>\n<meta name=\"twitter:card\" content=\"summary_large_image\" \/>\n<meta name=\"twitter:label1\" content=\"Est. reading time\">\n\t<meta name=\"twitter:data1\" content=\"6 minut\">\n<script type=\"application\/ld+json\" class=\"yoast-schema-graph\">{\"@context\":\"https:\/\/schema.org\",\"@graph\":[{\"@type\":\"WebSite\",\"@id\":\"https:\/\/pedagogikamontessori.pl\/szkola\/#website\",\"url\":\"https:\/\/pedagogikamontessori.pl\/szkola\/\",\"name\":\"Montessori - Szko\\u0142a\",\"description\":\"Kolejna witryna WordPress\",\"potentialAction\":[{\"@type\":\"SearchAction\",\"target\":\"https:\/\/pedagogikamontessori.pl\/szkola\/?s={search_term_string}\",\"query-input\":\"required name=search_term_string\"}],\"inLanguage\":\"pl-PL\"},{\"@type\":\"ImageObject\",\"@id\":\"https:\/\/pedagogikamontessori.pl\/szkola\/program\/#primaryimage\",\"inLanguage\":\"pl-PL\",\"url\":\"https:\/\/pedagogikamontessori.pl\/szkola\/wp-content\/uploads\/2019\/11\/iStock-615629394_800x533.jpg\",\"width\":800,\"height\":533},{\"@type\":\"WebPage\",\"@id\":\"https:\/\/pedagogikamontessori.pl\/szkola\/program\/#webpage\",\"url\":\"https:\/\/pedagogikamontessori.pl\/szkola\/program\/\",\"name\":\"PROGRAM - Montessori - Szko\\u0142a\",\"isPartOf\":{\"@id\":\"https:\/\/pedagogikamontessori.pl\/szkola\/#website\"},\"primaryImageOfPage\":{\"@id\":\"https:\/\/pedagogikamontessori.pl\/szkola\/program\/#primaryimage\"},\"datePublished\":\"2019-09-17T10:48:48+00:00\",\"dateModified\":\"2023-04-19T16:39:00+00:00\",\"breadcrumb\":{\"@id\":\"https:\/\/pedagogikamontessori.pl\/szkola\/program\/#breadcrumb\"},\"inLanguage\":\"pl-PL\",\"potentialAction\":[{\"@type\":\"ReadAction\",\"target\":[\"https:\/\/pedagogikamontessori.pl\/szkola\/program\/\"]}]},{\"@type\":\"BreadcrumbList\",\"@id\":\"https:\/\/pedagogikamontessori.pl\/szkola\/program\/#breadcrumb\",\"itemListElement\":[{\"@type\":\"ListItem\",\"position\":1,\"item\":{\"@type\":\"WebPage\",\"@id\":\"https:\/\/pedagogikamontessori.pl\/szkola\/\",\"url\":\"https:\/\/pedagogikamontessori.pl\/szkola\/\",\"name\":\"Strona g\\u0142\\u00f3wna\"}},{\"@type\":\"ListItem\",\"position\":2,\"item\":{\"@type\":\"WebPage\",\"@id\":\"https:\/\/pedagogikamontessori.pl\/szkola\/program\/\",\"url\":\"https:\/\/pedagogikamontessori.pl\/szkola\/program\/\",\"name\":\"PROGRAM\"}}]}]}<\/script>\n<!-- \/ Yoast SEO plugin. -->","_links":{"self":[{"href":"https:\/\/pedagogikamontessori.pl\/szkola\/wp-json\/wp\/v2\/pages\/168"}],"collection":[{"href":"https:\/\/pedagogikamontessori.pl\/szkola\/wp-json\/wp\/v2\/pages"}],"about":[{"href":"https:\/\/pedagogikamontessori.pl\/szkola\/wp-json\/wp\/v2\/types\/page"}],"author":[{"embeddable":true,"href":"https:\/\/pedagogikamontessori.pl\/szkola\/wp-json\/wp\/v2\/users\/1"}],"replies":[{"embeddable":true,"href":"https:\/\/pedagogikamontessori.pl\/szkola\/wp-json\/wp\/v2\/comments?post=168"}],"version-history":[{"count":17,"href":"https:\/\/pedagogikamontessori.pl\/szkola\/wp-json\/wp\/v2\/pages\/168\/revisions"}],"predecessor-version":[{"id":1257,"href":"https:\/\/pedagogikamontessori.pl\/szkola\/wp-json\/wp\/v2\/pages\/168\/revisions\/1257"}],"wp:attachment":[{"href":"https:\/\/pedagogikamontessori.pl\/szkola\/wp-json\/wp\/v2\/media?parent=168"}],"curies":[{"name":"wp","href":"https:\/\/api.w.org\/{rel}","templated":true}]}}