{"id":1071,"date":"2022-02-02T07:17:52","date_gmt":"2022-02-02T07:17:52","guid":{"rendered":"https:\/\/pedagogikamontessori.pl\/szkola\/o-nas-copy\/"},"modified":"2022-02-02T07:23:49","modified_gmt":"2022-02-02T07:23:49","slug":"rodo","status":"publish","type":"page","link":"https:\/\/pedagogikamontessori.pl\/szkola\/rodo\/","title":{"rendered":"RODO"},"content":{"rendered":"\t\t<div data-elementor-type=\"wp-page\" data-elementor-id=\"1071\" class=\"elementor elementor-1071\" data-elementor-settings=\"[]\">\r\n\t\t\t\t\t\t<div class=\"elementor-inner\">\r\n\t\t\t\t\t\t\t<div class=\"elementor-section-wrap\">\r\n\t\t\t\t\t\t\t<section class=\"elementor-section elementor-top-section elementor-element elementor-element-49ace58 elementor-section-stretched elementor-section-height-min-height elementor-section-boxed elementor-section-height-default elementor-section-items-middle\" data-id=\"49ace58\" data-element_type=\"section\" data-settings=\"{&quot;stretch_section&quot;:&quot;section-stretched&quot;,&quot;background_background&quot;:&quot;classic&quot;}\">\r\n\t\t\t\t\t\t\t<div class=\"elementor-background-overlay\"><\/div>\r\n\t\t\t\t\t\t\t<div class=\"elementor-container elementor-column-gap-default\">\r\n\t\t\t\t\t\t\t<div class=\"elementor-row\">\r\n\t\t\t\t\t<div class=\"elementor-column elementor-col-100 elementor-top-column elementor-element elementor-element-ed920cb\" data-id=\"ed920cb\" data-element_type=\"column\">\r\n\t\t\t<div class=\"elementor-column-wrap elementor-element-populated\">\r\n\t\t\t\t\t\t\t<div class=\"elementor-widget-wrap\">\r\n\t\t\t\t\t\t<div class=\"elementor-element elementor-element-0c1fc73 elementor-widget elementor-widget-heading\" data-id=\"0c1fc73\" data-element_type=\"widget\" data-widget_type=\"heading.default\">\r\n\t\t\t\t<div class=\"elementor-widget-container\">\r\n\t\t\t<h1 class=\"elementor-heading-title elementor-size-default\">RODO<\/h1>\t\t<\/div>\r\n\t\t\t\t<\/div>\r\n\t\t\t\t<div class=\"elementor-element elementor-element-d206736 elementor-widget elementor-widget-breadcrumbs\" data-id=\"d206736\" data-element_type=\"widget\" data-widget_type=\"breadcrumbs.default\">\r\n\t\t\t\t<div class=\"elementor-widget-container\">\r\n\t\t\t<p id=\"breadcrumbs\"><span><span><a href=\"https:\/\/pedagogikamontessori.pl\/szkola\/\">Strona g\u0142\u00f3wna<\/a><\/span><\/p>\t\t<\/div>\r\n\t\t\t\t<\/div>\r\n\t\t\t\t\t\t<\/div>\r\n\t\t\t\t\t<\/div>\r\n\t\t<\/div>\r\n\t\t\t\t\t\t\t\t<\/div>\r\n\t\t\t\t\t<\/div>\r\n\t\t<\/section>\r\n\t\t\t\t<section class=\"elementor-section elementor-top-section elementor-element elementor-element-2a80303 elementor-section-stretched elementor-section-boxed elementor-section-height-default elementor-section-height-default\" data-id=\"2a80303\" data-element_type=\"section\" data-settings=\"{&quot;stretch_section&quot;:&quot;section-stretched&quot;}\">\r\n\t\t\t\t\t\t<div class=\"elementor-container elementor-column-gap-default\">\r\n\t\t\t\t\t\t\t<div class=\"elementor-row\">\r\n\t\t\t\t\t<div class=\"elementor-column elementor-col-100 elementor-top-column elementor-element elementor-element-2270ba0\" data-id=\"2270ba0\" data-element_type=\"column\">\r\n\t\t\t<div class=\"elementor-column-wrap elementor-element-populated\">\r\n\t\t\t\t\t\t\t<div class=\"elementor-widget-wrap\">\r\n\t\t\t\t\t\t<div class=\"elementor-element elementor-element-398e5b7 elementor-widget elementor-widget-text-editor\" data-id=\"398e5b7\" data-element_type=\"widget\" data-widget_type=\"text-editor.default\">\r\n\t\t\t\t<div class=\"elementor-widget-container\">\r\n\t\t\t\t\t\t\t\t<div class=\"elementor-text-editor elementor-clearfix\">\r\n\t\t\t\t<p>Inspektorem Ochrony Danych Osobowych w Przysta\u0144 Montessori Katarzyna Kaczmarska-Kr\u00fcger jest Pani Katarzyna Okuniewska, z kt\u00f3rym mo\u017cna si\u0119 kontaktowa\u0107 we wszystkich sprawach zwi\u0105zanych z przetwarzaniem danych osobowych.<\/p>\n<p>Mo\u017cliwe formy kontaktu:<\/p>\n<ul>\n<li>listownie, przesy\u0142aj\u0105c korespondencj\u0119 na m\u00f3j adres (z dopiskiem IOD),<\/li>\n<li>mailowo, przesy\u0142aj\u0105c korespondencj\u0119 na adres: <span style=\"text-decoration: underline; color: #2864c2;\"><a style=\"color: #2864c2; text-decoration: underline;\" href=\"mailto:iod@pedagogikamontessori.pl\">iod@pedagogikamontessori.pl.<\/a><\/span><\/li>\n<\/ul>\n<p>Obowi\u0105zek informacyjny dla os\u00f3b fizycznych kt\u00f3rych dane przetwarza Katarzyna Kaczmarska-Kr\u00fcger prowadz\u0105ca dzia\u0142alno\u015b\u0107 gospodarcz\u0105 pod nazw\u0105 Przysta\u0144 Montessori Katarzyna Kaczmarska-Kr\u00fcger z siedzib\u0105 w Warszawie (04-690), przy ul. Mydlarskiej 15a\/25, adres szko\u0142y Zielonka (05-220), ul. Krzywa 10. &#8211; <a href=\"https:\/\/pedagogikamontessori.pl\/szkola\/wp-content\/uploads\/2022\/02\/obowiazek_informacyjny.pdf\"><span style=\"text-decoration: underline;\"><span style=\"color: #2864c2; text-decoration: underline;\">pobierz<\/span><\/span><\/a><\/p>\t\t\t\t\t<\/div>\r\n\t\t\t\t\t\t<\/div>\r\n\t\t\t\t<\/div>\r\n\t\t\t\t\t\t<\/div>\r\n\t\t\t\t\t<\/div>\r\n\t\t<\/div>\r\n\t\t\t\t\t\t\t\t<\/div>\r\n\t\t\t\t\t<\/div>\r\n\t\t<\/section>\r\n\t\t\t\t\t\t<\/div>\r\n\t\t\t\t\t\t<\/div>\r\n\t\t\t\t\t<\/div>\r\n\t\t","protected":false},"excerpt":{"rendered":"<p>RODO Inspektorem Ochrony Danych Osobowych w Przysta\u0144 Montessori Katarzyna Kaczmarska-Kr\u00fcger jest Pani Katarzyna Okuniewska, z kt\u00f3rym mo\u017cna si\u0119 kontaktowa\u0107 we wszystkich sprawach zwi\u0105zanych z przetwarzaniem danych osobowych. Mo\u017cliwe formy kontaktu: listownie, przesy\u0142aj\u0105c korespondencj\u0119 na m\u00f3j adres (z dopiskiem IOD), mailowo, przesy\u0142aj\u0105c korespondencj\u0119 na adres: iod@pedagogikamontessori.pl. Obowi\u0105zek informacyjny dla os\u00f3b fizycznych kt\u00f3rych dane przetwarza Katarzyna Kaczmarska-Kr\u00fcger [&hellip;]<\/p>\n","protected":false},"author":1,"featured_media":0,"parent":0,"menu_order":0,"comment_status":"closed","ping_status":"closed","template":"","meta":{"footnotes":""},"yoast_head":"<!-- This site is optimized with the Yoast SEO plugin v15.6.2 - https:\/\/yoast.com\/wordpress\/plugins\/seo\/ -->\n<title>RODO - Montessori - Szko\u0142a<\/title>\n<meta name=\"robots\" content=\"index, follow, max-snippet:-1, max-image-preview:large, max-video-preview:-1\" \/>\n<link rel=\"canonical\" href=\"https:\/\/pedagogikamontessori.pl\/szkola\/rodo\/\" \/>\n<meta property=\"og:locale\" content=\"pl_PL\" \/>\n<meta property=\"og:type\" content=\"article\" \/>\n<meta property=\"og:title\" content=\"RODO - Montessori - Szko\u0142a\" \/>\n<meta property=\"og:description\" content=\"RODO Inspektorem Ochrony Danych Osobowych w Przysta\u0144 Montessori Katarzyna Kaczmarska-Kr\u00fcger jest Pani Katarzyna Okuniewska, z kt\u00f3rym mo\u017cna si\u0119 kontaktowa\u0107 we wszystkich sprawach zwi\u0105zanych z przetwarzaniem danych osobowych. Mo\u017cliwe formy kontaktu: listownie, przesy\u0142aj\u0105c korespondencj\u0119 na m\u00f3j adres (z dopiskiem IOD), mailowo, przesy\u0142aj\u0105c korespondencj\u0119 na adres: iod@pedagogikamontessori.pl. Obowi\u0105zek informacyjny dla os\u00f3b fizycznych kt\u00f3rych dane przetwarza Katarzyna Kaczmarska-Kr\u00fcger [&hellip;]\" \/>\n<meta property=\"og:url\" content=\"https:\/\/pedagogikamontessori.pl\/szkola\/rodo\/\" \/>\n<meta property=\"og:site_name\" content=\"Montessori - Szko\u0142a\" \/>\n<meta property=\"article:modified_time\" content=\"2022-02-02T07:23:49+00:00\" \/>\n<meta name=\"twitter:card\" content=\"summary_large_image\" \/>\n<meta name=\"twitter:label1\" content=\"Est. reading time\">\n\t<meta name=\"twitter:data1\" content=\"1 minuta\">\n<script type=\"application\/ld+json\" class=\"yoast-schema-graph\">{\"@context\":\"https:\/\/schema.org\",\"@graph\":[{\"@type\":\"WebSite\",\"@id\":\"https:\/\/pedagogikamontessori.pl\/szkola\/#website\",\"url\":\"https:\/\/pedagogikamontessori.pl\/szkola\/\",\"name\":\"Montessori - Szko\\u0142a\",\"description\":\"Kolejna witryna WordPress\",\"potentialAction\":[{\"@type\":\"SearchAction\",\"target\":\"https:\/\/pedagogikamontessori.pl\/szkola\/?s={search_term_string}\",\"query-input\":\"required name=search_term_string\"}],\"inLanguage\":\"pl-PL\"},{\"@type\":\"WebPage\",\"@id\":\"https:\/\/pedagogikamontessori.pl\/szkola\/rodo\/#webpage\",\"url\":\"https:\/\/pedagogikamontessori.pl\/szkola\/rodo\/\",\"name\":\"RODO - Montessori - Szko\\u0142a\",\"isPartOf\":{\"@id\":\"https:\/\/pedagogikamontessori.pl\/szkola\/#website\"},\"datePublished\":\"2022-02-02T07:17:52+00:00\",\"dateModified\":\"2022-02-02T07:23:49+00:00\",\"breadcrumb\":{\"@id\":\"https:\/\/pedagogikamontessori.pl\/szkola\/rodo\/#breadcrumb\"},\"inLanguage\":\"pl-PL\",\"potentialAction\":[{\"@type\":\"ReadAction\",\"target\":[\"https:\/\/pedagogikamontessori.pl\/szkola\/rodo\/\"]}]},{\"@type\":\"BreadcrumbList\",\"@id\":\"https:\/\/pedagogikamontessori.pl\/szkola\/rodo\/#breadcrumb\",\"itemListElement\":[{\"@type\":\"ListItem\",\"position\":1,\"item\":{\"@type\":\"WebPage\",\"@id\":\"https:\/\/pedagogikamontessori.pl\/szkola\/\",\"url\":\"https:\/\/pedagogikamontessori.pl\/szkola\/\",\"name\":\"Strona g\\u0142\\u00f3wna\"}},{\"@type\":\"ListItem\",\"position\":2,\"item\":{\"@type\":\"WebPage\",\"@id\":\"https:\/\/pedagogikamontessori.pl\/szkola\/rodo\/\",\"url\":\"https:\/\/pedagogikamontessori.pl\/szkola\/rodo\/\",\"name\":\"RODO\"}}]}]}<\/script>\n<!-- \/ Yoast SEO plugin. -->","_links":{"self":[{"href":"https:\/\/pedagogikamontessori.pl\/szkola\/wp-json\/wp\/v2\/pages\/1071"}],"collection":[{"href":"https:\/\/pedagogikamontessori.pl\/szkola\/wp-json\/wp\/v2\/pages"}],"about":[{"href":"https:\/\/pedagogikamontessori.pl\/szkola\/wp-json\/wp\/v2\/types\/page"}],"author":[{"embeddable":true,"href":"https:\/\/pedagogikamontessori.pl\/szkola\/wp-json\/wp\/v2\/users\/1"}],"replies":[{"embeddable":true,"href":"https:\/\/pedagogikamontessori.pl\/szkola\/wp-json\/wp\/v2\/comments?post=1071"}],"version-history":[{"count":10,"href":"https:\/\/pedagogikamontessori.pl\/szkola\/wp-json\/wp\/v2\/pages\/1071\/revisions"}],"predecessor-version":[{"id":1084,"href":"https:\/\/pedagogikamontessori.pl\/szkola\/wp-json\/wp\/v2\/pages\/1071\/revisions\/1084"}],"wp:attachment":[{"href":"https:\/\/pedagogikamontessori.pl\/szkola\/wp-json\/wp\/v2\/media?parent=1071"}],"curies":[{"name":"wp","href":"https:\/\/api.w.org\/{rel}","templated":true}]}}