{"id":389,"date":"2019-11-11T09:53:17","date_gmt":"2019-11-11T09:53:17","guid":{"rendered":"http:\/\/pedagogikamontessori.pl\/kobylka\/organizacja-copy\/"},"modified":"2021-01-15T08:34:38","modified_gmt":"2021-01-15T08:34:38","slug":"o-nas","status":"publish","type":"page","link":"https:\/\/pedagogikamontessori.pl\/kobylka\/o-nas\/","title":{"rendered":"O nas"},"content":{"rendered":"\t\t<div data-elementor-type=\"wp-page\" data-elementor-id=\"389\" class=\"elementor elementor-389\" data-elementor-settings=\"[]\">\n\t\t\t\t\t\t<div class=\"elementor-inner\">\n\t\t\t\t\t\t\t<div class=\"elementor-section-wrap\">\n\t\t\t\t\t\t\t<section class=\"elementor-section elementor-top-section elementor-element elementor-element-49ace58 elementor-section-stretched elementor-section-height-min-height elementor-section-boxed elementor-section-height-default elementor-section-items-middle\" data-id=\"49ace58\" data-element_type=\"section\" data-settings=\"{&quot;stretch_section&quot;:&quot;section-stretched&quot;,&quot;background_background&quot;:&quot;classic&quot;}\">\n\t\t\t\t\t\t\t<div class=\"elementor-background-overlay\"><\/div>\n\t\t\t\t\t\t\t<div class=\"elementor-container elementor-column-gap-default\">\n\t\t\t\t\t\t\t<div class=\"elementor-row\">\n\t\t\t\t\t<div class=\"elementor-column elementor-col-100 elementor-top-column elementor-element elementor-element-ed920cb\" data-id=\"ed920cb\" data-element_type=\"column\">\n\t\t\t<div class=\"elementor-column-wrap elementor-element-populated\">\n\t\t\t\t\t\t\t<div class=\"elementor-widget-wrap\">\n\t\t\t\t\t\t<div class=\"elementor-element elementor-element-0c1fc73 elementor-widget elementor-widget-heading\" data-id=\"0c1fc73\" data-element_type=\"widget\" data-widget_type=\"heading.default\">\n\t\t\t\t<div class=\"elementor-widget-container\">\n\t\t\t<h1 class=\"elementor-heading-title elementor-size-default\">O nas<\/h1>\t\t<\/div>\n\t\t\t\t<\/div>\n\t\t\t\t<div class=\"elementor-element elementor-element-d206736 elementor-widget elementor-widget-breadcrumbs\" data-id=\"d206736\" data-element_type=\"widget\" data-widget_type=\"breadcrumbs.default\">\n\t\t\t\t<div class=\"elementor-widget-container\">\n\t\t\t<p id=\"breadcrumbs\"><span><span><a href=\"https:\/\/pedagogikamontessori.pl\/kobylka\/\">Strona g\u0142\u00f3wna<\/a><\/span><\/p>\t\t<\/div>\n\t\t\t\t<\/div>\n\t\t\t\t\t\t<\/div>\n\t\t\t\t\t<\/div>\n\t\t<\/div>\n\t\t\t\t\t\t\t\t<\/div>\n\t\t\t\t\t<\/div>\n\t\t<\/section>\n\t\t\t\t<section class=\"elementor-section elementor-top-section elementor-element elementor-element-2a80303 elementor-section-stretched elementor-section-boxed elementor-section-height-default elementor-section-height-default\" data-id=\"2a80303\" data-element_type=\"section\" data-settings=\"{&quot;stretch_section&quot;:&quot;section-stretched&quot;}\">\n\t\t\t\t\t\t<div class=\"elementor-container elementor-column-gap-default\">\n\t\t\t\t\t\t\t<div class=\"elementor-row\">\n\t\t\t\t\t<div class=\"elementor-column elementor-col-100 elementor-top-column elementor-element elementor-element-2270ba0\" data-id=\"2270ba0\" data-element_type=\"column\">\n\t\t\t<div class=\"elementor-column-wrap elementor-element-populated\">\n\t\t\t\t\t\t\t<div class=\"elementor-widget-wrap\">\n\t\t\t\t\t\t<section class=\"elementor-section elementor-inner-section elementor-element elementor-element-142b990 elementor-section-boxed elementor-section-height-default elementor-section-height-default\" data-id=\"142b990\" data-element_type=\"section\">\n\t\t\t\t\t\t<div class=\"elementor-container elementor-column-gap-default\">\n\t\t\t\t\t\t\t<div class=\"elementor-row\">\n\t\t\t\t\t<div class=\"elementor-column elementor-col-50 elementor-inner-column elementor-element elementor-element-99aa1a8\" data-id=\"99aa1a8\" data-element_type=\"column\">\n\t\t\t<div class=\"elementor-column-wrap elementor-element-populated\">\n\t\t\t\t\t\t\t<div class=\"elementor-widget-wrap\">\n\t\t\t\t\t\t<div class=\"elementor-element elementor-element-d49a532 elementor-widget elementor-widget-image\" data-id=\"d49a532\" data-element_type=\"widget\" data-widget_type=\"image.default\">\n\t\t\t\t<div class=\"elementor-widget-container\">\n\t\t\t\t\t<div class=\"elementor-image\">\n\t\t\t\t\t\t\t\t\t\t<img loading=\"lazy\" decoding=\"async\" width=\"800\" height=\"533\" src=\"https:\/\/pedagogikamontessori.pl\/kobylka\/wp-content\/uploads\/2019\/11\/iStock-637831704_800x533.jpg\" class=\"attachment-large size-large\" alt=\"\" srcset=\"https:\/\/pedagogikamontessori.pl\/kobylka\/wp-content\/uploads\/2019\/11\/iStock-637831704_800x533.jpg 800w, https:\/\/pedagogikamontessori.pl\/kobylka\/wp-content\/uploads\/2019\/11\/iStock-637831704_800x533-300x200.jpg 300w, https:\/\/pedagogikamontessori.pl\/kobylka\/wp-content\/uploads\/2019\/11\/iStock-637831704_800x533-768x512.jpg 768w\" sizes=\"(max-width: 800px) 100vw, 800px\" \/>\t\t\t\t\t\t\t\t\t\t\t<\/div>\n\t\t\t\t<\/div>\n\t\t\t\t<\/div>\n\t\t\t\t\t\t<\/div>\n\t\t\t\t\t<\/div>\n\t\t<\/div>\n\t\t\t\t<div class=\"elementor-column elementor-col-50 elementor-inner-column elementor-element elementor-element-d906e2a\" data-id=\"d906e2a\" data-element_type=\"column\">\n\t\t\t<div class=\"elementor-column-wrap elementor-element-populated\">\n\t\t\t\t\t\t\t<div class=\"elementor-widget-wrap\">\n\t\t\t\t\t\t<div class=\"elementor-element elementor-element-2fe8809 elementor-invisible elementor-widget elementor-widget-text-editor\" data-id=\"2fe8809\" data-element_type=\"widget\" data-settings=\"{&quot;_animation&quot;:&quot;fadeInRight&quot;}\" data-widget_type=\"text-editor.default\">\n\t\t\t\t<div class=\"elementor-widget-container\">\n\t\t\t\t\t<div class=\"elementor-text-editor elementor-clearfix\"><p>Przedszkole Przysta\u0144 Montessori w Koby\u0142ce (dawniej Tumirai) jest przedsi\u0119wzi\u0119ciem edukacyjnym dw\u00f3ch matek Emilii Polnau-Wrzesi\u0144skiej oraz Marty Zarzyckiej. Powsta\u0142o z fascynacji mo\u017cliwo\u015bciami, jakie otwiera przed dzie\u0107mi edukacja montessoria\u0144ska. To metoda znana i ceniona od wielu lat na zachodzie Europy i w Ameryce P\u00f3\u0142nocnej. Cieszymy si\u0119, \u017ce mo\u017cemy otworzy\u0107 dzieciom i rodzicom w naszej okolicy nowe horyzonty przedszkolnej edukacji. Marzy\u0142a nam si\u0119 plac\u00f3wka gdzie dzieci s\u0105 szanowane i wspierane przez gruntownie wykszta\u0142conych nauczycieli oraz maj\u0105 dost\u0119p do materia\u0142\u00f3w rozwojowych najwy\u017cszej jako\u015bci.<br><br>Przedszkole powsta\u0142o w 2011 roku, z potrzeby zapewnienia dzieciom dost\u0119pu do systemu edukacji- zupe\u0142nie r\u00f3\u017cnego od konwencjonalnego, opartego na szacunku do dziecka oraz stwarzania \u015brodowiska do uczenia si\u0119 przez do\u015bwiadczanie, wolnego od kar i nagr\u00f3d. Dzi\u0119ki zaufaniu przedszkolnych rodzic\u00f3w ju\u017c po 3 miesi\u0105cach dzia\u0142alno\u015bci brakowa\u0142o miejsc dla ch\u0119tnych dzieci. Przenie\u015bli\u015bmy si\u0119 do innego, wi\u0119kszego budynku. Tak przez kolejne 5 lat dzia\u0142a\u0142a Tumirai Ossowska.<br>W 2013 powsta\u0142o drugie przedszkole- przy ul. W\u0105skiej 22. Od 2020 roku przedszkola po\u0142\u0105czy\u0142y si\u0119 pod wsp\u00f3lnym dachem w Koby\u0142ce.<\/p><\/div>\n\t\t\t\t<\/div>\n\t\t\t\t<\/div>\n\t\t\t\t\t\t<\/div>\n\t\t\t\t\t<\/div>\n\t\t<\/div>\n\t\t\t\t\t\t\t\t<\/div>\n\t\t\t\t\t<\/div>\n\t\t<\/section>\n\t\t\t\t<section class=\"elementor-section elementor-inner-section elementor-element elementor-element-43891d8 elementor-section-boxed elementor-section-height-default elementor-section-height-default\" data-id=\"43891d8\" data-element_type=\"section\">\n\t\t\t\t\t\t<div class=\"elementor-container elementor-column-gap-default\">\n\t\t\t\t\t\t\t<div class=\"elementor-row\">\n\t\t\t\t\t<div class=\"elementor-column elementor-col-100 elementor-inner-column elementor-element elementor-element-987cc3e\" data-id=\"987cc3e\" data-element_type=\"column\">\n\t\t\t<div class=\"elementor-column-wrap elementor-element-populated\">\n\t\t\t\t\t\t\t<div class=\"elementor-widget-wrap\">\n\t\t\t\t\t\t<div class=\"elementor-element elementor-element-398e5b7 elementor-invisible elementor-widget elementor-widget-text-editor\" data-id=\"398e5b7\" data-element_type=\"widget\" data-settings=\"{&quot;_animation&quot;:&quot;fadeInLeft&quot;}\" data-widget_type=\"text-editor.default\">\n\t\t\t\t<div class=\"elementor-widget-container\">\n\t\t\t\t\t<div class=\"elementor-text-editor elementor-clearfix\"><p>Rodzice pierwszych absolwent\u00f3w naszych plac\u00f3wek sk\u0142onili nas to spe\u0142nienia kolejnego pedagogicznego marzenia- w 2015 roku powsta\u0142a Szko\u0142a Montessori w Le\u015bniakowi\u017anie, w 2016 roku przenie\u015bli\u015bmy j\u0105 wraz z przedszkolem do Koby\u0142ki. Ka\u017cdego dnia tak jak nasi mali studenci rozwijamy<br \/>si\u0119 i ro\u015bniemy. Dzi\u015b pod nasz\u0105 opiek\u0105 rozwija si\u0119 blisko 150 ma\u0142ych student\u00f3w od 2 do 15 r\u017c.<\/p><\/div>\n\t\t\t\t<\/div>\n\t\t\t\t<\/div>\n\t\t\t\t\t\t<\/div>\n\t\t\t\t\t<\/div>\n\t\t<\/div>\n\t\t\t\t\t\t\t\t<\/div>\n\t\t\t\t\t<\/div>\n\t\t<\/section>\n\t\t\t\t\t\t<\/div>\n\t\t\t\t\t<\/div>\n\t\t<\/div>\n\t\t\t\t\t\t\t\t<\/div>\n\t\t\t\t\t<\/div>\n\t\t<\/section>\n\t\t\t\t\t\t<\/div>\n\t\t\t\t\t\t<\/div>\n\t\t\t\t\t<\/div>\n\t\t","protected":false},"excerpt":{"rendered":"<p>O nas Przedszkole Przysta\u0144 Montessori w Koby\u0142ce (dawniej Tumirai) jest przedsi\u0119wzi\u0119ciem edukacyjnym dw\u00f3ch matek Emilii Polnau-Wrzesi\u0144skiej oraz Marty Zarzyckiej. Powsta\u0142o z fascynacji mo\u017cliwo\u015bciami, jakie otwiera przed dzie\u0107mi edukacja montessoria\u0144ska. To metoda znana i ceniona od wielu lat na zachodzie Europy i w Ameryce P\u00f3\u0142nocnej. Cieszymy si\u0119, \u017ce mo\u017cemy otworzy\u0107 dzieciom i rodzicom w naszej okolicy [&hellip;]<\/p>\n","protected":false},"author":1,"featured_media":0,"parent":0,"menu_order":0,"comment_status":"closed","ping_status":"closed","template":"","meta":{"footnotes":""},"yoast_head":"<!-- This site is optimized with the Yoast SEO plugin v15.6.2 - https:\/\/yoast.com\/wordpress\/plugins\/seo\/ -->\n<title>O nas - Montessori - Koby\u0142ka<\/title>\n<meta name=\"robots\" content=\"index, follow, max-snippet:-1, max-image-preview:large, max-video-preview:-1\" \/>\n<link rel=\"canonical\" href=\"https:\/\/pedagogikamontessori.pl\/kobylka\/o-nas\/\" \/>\n<meta property=\"og:locale\" content=\"pl_PL\" \/>\n<meta property=\"og:type\" content=\"article\" \/>\n<meta property=\"og:title\" content=\"O nas - Montessori - Koby\u0142ka\" \/>\n<meta property=\"og:description\" content=\"O nas Przedszkole Przysta\u0144 Montessori w Koby\u0142ce (dawniej Tumirai) jest przedsi\u0119wzi\u0119ciem edukacyjnym dw\u00f3ch matek Emilii Polnau-Wrzesi\u0144skiej oraz Marty Zarzyckiej. Powsta\u0142o z fascynacji mo\u017cliwo\u015bciami, jakie otwiera przed dzie\u0107mi edukacja montessoria\u0144ska. To metoda znana i ceniona od wielu lat na zachodzie Europy i w Ameryce P\u00f3\u0142nocnej. Cieszymy si\u0119, \u017ce mo\u017cemy otworzy\u0107 dzieciom i rodzicom w naszej okolicy [&hellip;]\" \/>\n<meta property=\"og:url\" content=\"https:\/\/pedagogikamontessori.pl\/kobylka\/o-nas\/\" \/>\n<meta property=\"og:site_name\" content=\"Montessori - Koby\u0142ka\" \/>\n<meta property=\"article:modified_time\" content=\"2021-01-15T08:34:38+00:00\" \/>\n<meta property=\"og:image\" content=\"http:\/\/pedagogikamontessori.pl\/kobylka\/wp-content\/uploads\/2019\/11\/iStock-637831704_800x533.jpg\" \/>\n<meta name=\"twitter:card\" content=\"summary_large_image\" \/>\n<meta name=\"twitter:label1\" content=\"Est. reading time\">\n\t<meta name=\"twitter:data1\" content=\"2 minuty\">\n<script type=\"application\/ld+json\" class=\"yoast-schema-graph\">{\"@context\":\"https:\/\/schema.org\",\"@graph\":[{\"@type\":\"WebSite\",\"@id\":\"https:\/\/pedagogikamontessori.pl\/kobylka\/#website\",\"url\":\"https:\/\/pedagogikamontessori.pl\/kobylka\/\",\"name\":\"Montessori - Koby\\u0142ka\",\"description\":\"Kolejna witryna WordPress\",\"potentialAction\":[{\"@type\":\"SearchAction\",\"target\":\"https:\/\/pedagogikamontessori.pl\/kobylka\/?s={search_term_string}\",\"query-input\":\"required name=search_term_string\"}],\"inLanguage\":\"pl-PL\"},{\"@type\":\"ImageObject\",\"@id\":\"https:\/\/pedagogikamontessori.pl\/kobylka\/o-nas\/#primaryimage\",\"inLanguage\":\"pl-PL\",\"url\":\"http:\/\/pedagogikamontessori.pl\/kobylka\/wp-content\/uploads\/2019\/11\/iStock-637831704_800x533.jpg\"},{\"@type\":\"WebPage\",\"@id\":\"https:\/\/pedagogikamontessori.pl\/kobylka\/o-nas\/#webpage\",\"url\":\"https:\/\/pedagogikamontessori.pl\/kobylka\/o-nas\/\",\"name\":\"O nas - Montessori - Koby\\u0142ka\",\"isPartOf\":{\"@id\":\"https:\/\/pedagogikamontessori.pl\/kobylka\/#website\"},\"primaryImageOfPage\":{\"@id\":\"https:\/\/pedagogikamontessori.pl\/kobylka\/o-nas\/#primaryimage\"},\"datePublished\":\"2019-11-11T09:53:17+00:00\",\"dateModified\":\"2021-01-15T08:34:38+00:00\",\"breadcrumb\":{\"@id\":\"https:\/\/pedagogikamontessori.pl\/kobylka\/o-nas\/#breadcrumb\"},\"inLanguage\":\"pl-PL\",\"potentialAction\":[{\"@type\":\"ReadAction\",\"target\":[\"https:\/\/pedagogikamontessori.pl\/kobylka\/o-nas\/\"]}]},{\"@type\":\"BreadcrumbList\",\"@id\":\"https:\/\/pedagogikamontessori.pl\/kobylka\/o-nas\/#breadcrumb\",\"itemListElement\":[{\"@type\":\"ListItem\",\"position\":1,\"item\":{\"@type\":\"WebPage\",\"@id\":\"https:\/\/pedagogikamontessori.pl\/kobylka\/\",\"url\":\"https:\/\/pedagogikamontessori.pl\/kobylka\/\",\"name\":\"Strona g\\u0142\\u00f3wna\"}},{\"@type\":\"ListItem\",\"position\":2,\"item\":{\"@type\":\"WebPage\",\"@id\":\"https:\/\/pedagogikamontessori.pl\/kobylka\/o-nas\/\",\"url\":\"https:\/\/pedagogikamontessori.pl\/kobylka\/o-nas\/\",\"name\":\"O nas\"}}]}]}<\/script>\n<!-- \/ Yoast SEO plugin. -->","_links":{"self":[{"href":"https:\/\/pedagogikamontessori.pl\/kobylka\/wp-json\/wp\/v2\/pages\/389"}],"collection":[{"href":"https:\/\/pedagogikamontessori.pl\/kobylka\/wp-json\/wp\/v2\/pages"}],"about":[{"href":"https:\/\/pedagogikamontessori.pl\/kobylka\/wp-json\/wp\/v2\/types\/page"}],"author":[{"embeddable":true,"href":"https:\/\/pedagogikamontessori.pl\/kobylka\/wp-json\/wp\/v2\/users\/1"}],"replies":[{"embeddable":true,"href":"https:\/\/pedagogikamontessori.pl\/kobylka\/wp-json\/wp\/v2\/comments?post=389"}],"version-history":[{"count":9,"href":"https:\/\/pedagogikamontessori.pl\/kobylka\/wp-json\/wp\/v2\/pages\/389\/revisions"}],"predecessor-version":[{"id":497,"href":"https:\/\/pedagogikamontessori.pl\/kobylka\/wp-json\/wp\/v2\/pages\/389\/revisions\/497"}],"wp:attachment":[{"href":"https:\/\/pedagogikamontessori.pl\/kobylka\/wp-json\/wp\/v2\/media?parent=389"}],"curies":[{"name":"wp","href":"https:\/\/api.w.org\/{rel}","templated":true}]}}