{"id":172,"date":"2019-09-17T10:52:18","date_gmt":"2019-09-17T10:52:18","guid":{"rendered":"http:\/\/pedagogikamontessori.pl\/kobylka\/program-copy\/"},"modified":"2019-11-18T13:21:47","modified_gmt":"2019-11-18T13:21:47","slug":"otoczenie","status":"publish","type":"page","link":"https:\/\/pedagogikamontessori.pl\/kobylka\/otoczenie\/","title":{"rendered":"OTOCZENIE"},"content":{"rendered":"\t\t<div data-elementor-type=\"wp-page\" data-elementor-id=\"172\" class=\"elementor elementor-172\" data-elementor-settings=\"[]\">\n\t\t\t\t\t\t<div class=\"elementor-inner\">\n\t\t\t\t\t\t\t<div class=\"elementor-section-wrap\">\n\t\t\t\t\t\t\t<section class=\"elementor-section elementor-top-section elementor-element elementor-element-49ace58 elementor-section-stretched elementor-section-height-min-height elementor-section-boxed elementor-section-height-default elementor-section-items-middle\" data-id=\"49ace58\" data-element_type=\"section\" data-settings=\"{&quot;stretch_section&quot;:&quot;section-stretched&quot;,&quot;background_background&quot;:&quot;classic&quot;}\">\n\t\t\t\t\t\t\t<div class=\"elementor-background-overlay\"><\/div>\n\t\t\t\t\t\t\t<div class=\"elementor-container elementor-column-gap-default\">\n\t\t\t\t\t\t\t<div class=\"elementor-row\">\n\t\t\t\t\t<div class=\"elementor-column elementor-col-100 elementor-top-column elementor-element elementor-element-ed920cb\" data-id=\"ed920cb\" data-element_type=\"column\">\n\t\t\t<div class=\"elementor-column-wrap elementor-element-populated\">\n\t\t\t\t\t\t\t<div class=\"elementor-widget-wrap\">\n\t\t\t\t\t\t<div class=\"elementor-element elementor-element-0c1fc73 elementor-widget elementor-widget-heading\" data-id=\"0c1fc73\" data-element_type=\"widget\" data-widget_type=\"heading.default\">\n\t\t\t\t<div class=\"elementor-widget-container\">\n\t\t\t<h1 class=\"elementor-heading-title elementor-size-default\">Otoczenie<\/h1>\t\t<\/div>\n\t\t\t\t<\/div>\n\t\t\t\t<div class=\"elementor-element elementor-element-d206736 elementor-widget elementor-widget-breadcrumbs\" data-id=\"d206736\" data-element_type=\"widget\" data-widget_type=\"breadcrumbs.default\">\n\t\t\t\t<div class=\"elementor-widget-container\">\n\t\t\t<p id=\"breadcrumbs\"><span><span><a href=\"https:\/\/pedagogikamontessori.pl\/kobylka\/\">Strona g\u0142\u00f3wna<\/a><\/span><\/p>\t\t<\/div>\n\t\t\t\t<\/div>\n\t\t\t\t\t\t<\/div>\n\t\t\t\t\t<\/div>\n\t\t<\/div>\n\t\t\t\t\t\t\t\t<\/div>\n\t\t\t\t\t<\/div>\n\t\t<\/section>\n\t\t\t\t<section class=\"elementor-section elementor-top-section elementor-element elementor-element-2a80303 elementor-section-stretched elementor-section-boxed elementor-section-height-default elementor-section-height-default\" data-id=\"2a80303\" data-element_type=\"section\" data-settings=\"{&quot;stretch_section&quot;:&quot;section-stretched&quot;}\">\n\t\t\t\t\t\t<div class=\"elementor-container elementor-column-gap-default\">\n\t\t\t\t\t\t\t<div class=\"elementor-row\">\n\t\t\t\t\t<div class=\"elementor-column elementor-col-100 elementor-top-column elementor-element elementor-element-2270ba0\" data-id=\"2270ba0\" data-element_type=\"column\">\n\t\t\t<div class=\"elementor-column-wrap elementor-element-populated\">\n\t\t\t\t\t\t\t<div class=\"elementor-widget-wrap\">\n\t\t\t\t\t\t<section class=\"elementor-section elementor-inner-section elementor-element elementor-element-142b990 elementor-section-boxed elementor-section-height-default elementor-section-height-default\" data-id=\"142b990\" data-element_type=\"section\">\n\t\t\t\t\t\t<div class=\"elementor-container elementor-column-gap-default\">\n\t\t\t\t\t\t\t<div class=\"elementor-row\">\n\t\t\t\t\t<div class=\"elementor-column elementor-col-50 elementor-inner-column elementor-element elementor-element-99aa1a8\" data-id=\"99aa1a8\" data-element_type=\"column\">\n\t\t\t<div class=\"elementor-column-wrap elementor-element-populated\">\n\t\t\t\t\t\t\t<div class=\"elementor-widget-wrap\">\n\t\t\t\t\t\t<div class=\"elementor-element elementor-element-d49a532 elementor-widget elementor-widget-image\" data-id=\"d49a532\" data-element_type=\"widget\" data-widget_type=\"image.default\">\n\t\t\t\t<div class=\"elementor-widget-container\">\n\t\t\t\t\t<div class=\"elementor-image\">\n\t\t\t\t\t\t\t\t\t\t<img loading=\"lazy\" decoding=\"async\" width=\"800\" height=\"533\" src=\"https:\/\/pedagogikamontessori.pl\/kobylka\/wp-content\/uploads\/2019\/11\/iStock-615629394_800x533.jpg\" class=\"attachment-large size-large\" alt=\"\" srcset=\"https:\/\/pedagogikamontessori.pl\/kobylka\/wp-content\/uploads\/2019\/11\/iStock-615629394_800x533.jpg 800w, https:\/\/pedagogikamontessori.pl\/kobylka\/wp-content\/uploads\/2019\/11\/iStock-615629394_800x533-300x200.jpg 300w, https:\/\/pedagogikamontessori.pl\/kobylka\/wp-content\/uploads\/2019\/11\/iStock-615629394_800x533-768x512.jpg 768w\" sizes=\"(max-width: 800px) 100vw, 800px\" \/>\t\t\t\t\t\t\t\t\t\t\t<\/div>\n\t\t\t\t<\/div>\n\t\t\t\t<\/div>\n\t\t\t\t\t\t<\/div>\n\t\t\t\t\t<\/div>\n\t\t<\/div>\n\t\t\t\t<div class=\"elementor-column elementor-col-50 elementor-inner-column elementor-element elementor-element-d906e2a\" data-id=\"d906e2a\" data-element_type=\"column\">\n\t\t\t<div class=\"elementor-column-wrap elementor-element-populated\">\n\t\t\t\t\t\t\t<div class=\"elementor-widget-wrap\">\n\t\t\t\t\t\t<div class=\"elementor-element elementor-element-2fe8809 elementor-invisible elementor-widget elementor-widget-text-editor\" data-id=\"2fe8809\" data-element_type=\"widget\" data-settings=\"{&quot;_animation&quot;:&quot;fadeInRight&quot;}\" data-widget_type=\"text-editor.default\">\n\t\t\t\t<div class=\"elementor-widget-container\">\n\t\t\t\t\t<div class=\"elementor-text-editor elementor-clearfix\"><ul><li>Jednym z element\u00f3w, kt\u00f3re na ca\u0142ym \u015bwiecie odr\u00f3\u017cniaj\u0105 przedszkola montessori\u0144skie od konwencjonalnych s\u0105 wn\u0119trza plac\u00f3wki. Odpowiadaj\u0105c na potrzeby kszta\u0142tuj\u0105cego si\u0119 systemu nerwowego dzieci, w zgodzie z wiedz\u0105 dotycz\u0105c\u0105 psychologii i neurologii dziecka nasze wn\u0119trza s\u0105 stonowane- oparte na bieli i barwach natury oraz naturalnych materia\u0142ach takich jak drewno czy korek, bez pstrokatych i infantylnych dekoracji. Przebywanie we wn\u0119trzu pe\u0142nym kolor\u00f3w jest obci\u0105\u017caj\u0105ce dla centralnego uk\u0142adu<br \/>nerwowego ma\u0142ych dzieci. M. Montessori by\u0142a zwolenniczk\u0105 przestronnych, estetycznie urz\u0105dzonych sal, spe\u0142niaj\u0105cych r\u00f3\u017cnorodne funkcje.<br \/>Meble s\u0105 naturalne, niskie, funkcjonalne i lekkie, tak, aby mo\u017cna je by\u0142o aran\u017cowa\u0107 wed\u0142ug potrzeb dzieci.<\/li><\/ul><p>Minizoo i grz\u0105dki<br \/>Odpowiadaj\u0105c na potrzeby naszych dzieci na terenie naszego przedszkola hodujemy ma\u0142e zwierz\u0119ta, sadzimy i piel\u0119gnujemy ro\u015bliny, dbamy o grz\u0105dki warzywne i zielnik.<br \/>Podstawowym warunkiem prawid\u0142owego rozwoju dziecka jest w\u0142a\u015bciwie przygotowane otoczenie, kt\u00f3re wspomaga harmonijny rozw\u00f3j osobowo\u015bci dziecka ? sprawia, \u017ce czuje si\u0119 ono szcz\u0119\u015bliwe i radosne; szybko i ch\u0119tnie si\u0119 uczy.\u00a0<\/p><\/div>\n\t\t\t\t<\/div>\n\t\t\t\t<\/div>\n\t\t\t\t\t\t<\/div>\n\t\t\t\t\t<\/div>\n\t\t<\/div>\n\t\t\t\t\t\t\t\t<\/div>\n\t\t\t\t\t<\/div>\n\t\t<\/section>\n\t\t\t\t<section class=\"elementor-section elementor-inner-section elementor-element elementor-element-43891d8 elementor-section-boxed elementor-section-height-default elementor-section-height-default\" data-id=\"43891d8\" data-element_type=\"section\">\n\t\t\t\t\t\t<div class=\"elementor-container elementor-column-gap-default\">\n\t\t\t\t\t\t\t<div class=\"elementor-row\">\n\t\t\t\t\t<div class=\"elementor-column elementor-col-100 elementor-inner-column elementor-element elementor-element-987cc3e\" data-id=\"987cc3e\" data-element_type=\"column\">\n\t\t\t<div class=\"elementor-column-wrap elementor-element-populated\">\n\t\t\t\t\t\t\t<div class=\"elementor-widget-wrap\">\n\t\t\t\t\t\t<div class=\"elementor-element elementor-element-398e5b7 elementor-invisible elementor-widget elementor-widget-text-editor\" data-id=\"398e5b7\" data-element_type=\"widget\" data-settings=\"{&quot;_animation&quot;:&quot;fadeInLeft&quot;}\" data-widget_type=\"text-editor.default\">\n\t\t\t\t<div class=\"elementor-widget-container\">\n\t\t\t\t\t<div class=\"elementor-text-editor elementor-clearfix\"><p>Najwa\u017cniejszymi elementami tego otoczenia s\u0105:\u00a0<\/p><ul><li><span style=\"font-size: 1rem;\">wolno\u015b\u0107, porz\u0105dek,\u00a0<\/span><\/li><li><span style=\"font-size: 1rem;\">kontakt z rzeczywisto\u015bci\u0105 i natur\u0105 <\/span>poprzez spacery i wycieczki,\u00a0<\/li><li>pi\u0119kno (wszystko w klasie musi by\u0107 dobrze zaplanowane, doskona\u0142ej jako\u015bci i atrakcyjnie rozmieszczone) oraz materia\u0142y dydaktyczne.<\/li><\/ul><div>\u00a0<\/div><p><span style=\"font-size: 1rem;\">Na naszych p\u00f3\u0142kach zamiast zabawek\u00a0<\/span><span style=\"font-size: 1rem;\">zgromadzili\u015bmy montessoria\u0144skie pomoce.\u00a0<\/span><\/p><p><span style=\"font-size: 1rem;\">Zadaniem\u00a0<\/span><span style=\"font-size: 1rem;\">materia\u0142u dydaktycznego jest wspomaganie rozwoju\u00a0<\/span><span style=\"font-size: 1rem;\">dziecka, dlatego zwany jest materia\u0142em\u00a0<\/span><span style=\"font-size: 1rem;\">rozwojowym. Jest rozmieszczony w klasie w taki\u00a0<\/span><span style=\"font-size: 1rem;\">spos\u00f3b, \u017ce tworzy logicznie uporz\u0105dkowan\u0105 ca\u0142o\u015b\u0107\u00a0<\/span><span style=\"font-size: 1rem;\">programow\u0105. Umo\u017cliwia on wyj\u015bcie w uczeniu si\u0119\u00a0<\/span><span style=\"font-size: 1rem;\">dziecka od do\u015bwiadczenia i poznania zmys\u0142owego.<\/span><\/p><p>S\u0142u\u017cy nie tylko rozwojowi intelektualnemu, ale tak\u017ce kszta\u0142towaniu si\u0119 osobowo\u015bci. Oryginalny zestaw pomocy dydaktycznych zwany Materia\u0142em Montessori posiada takie cechy:<br \/>1) prostota, precyzja i estetyka wykonania,<br \/>2) stopniowanie trudno\u015bci,<br \/>3) dostosowany do potrzeb rozwojowych dziecka,<br \/>4) budzi ciekawo\u015b\u0107 i zainteresowanie dziecka,<br \/>5)m\u0142odsze dzieci ucz\u0105 si\u0119 na konkretach, p\u00f3\u017aniej<br \/>stopniowo zast\u0119powanych coraz bardziej<br \/>abstrakcyjnym materia\u0142em,<br \/>6) konstrukcja umo\u017cliwiaj\u0105ca samodzieln\u0105 kontrol\u0119<br \/>b\u0142\u0119d\u00f3w,<br \/>7)pomoce tworz\u0105 ci\u0105gi tematyczne,<br \/>8) ograniczenie ? dana pomoc wyst\u0119puje tylko w<br \/>jednym egzemplarzu.<\/p><p>Maria Montessori podzieli\u0142a materia\u0142 dydaktyczny na:<br \/>-materia\u0142 niezb\u0119dny do \u0107wicze\u0144 \u017cycia praktycznego,<br \/>zwi\u0105zany z samoobs\u0142ug\u0105, trosk\u0105 o otoczenie i<br \/>\u015brodowisko,<br \/>-materia\u0142 ?akademicki? s\u0142u\u017c\u0105cy nauce j\u0119zyka,<br \/>matematyki, przyrody i geografii oraz kultury;<br \/>-materia\u0142 artystyczny zwi\u0105zany z ekspresj\u0105 muzyczn\u0105,<\/p><\/div>\n\t\t\t\t<\/div>\n\t\t\t\t<\/div>\n\t\t\t\t\t\t<\/div>\n\t\t\t\t\t<\/div>\n\t\t<\/div>\n\t\t\t\t\t\t\t\t<\/div>\n\t\t\t\t\t<\/div>\n\t\t<\/section>\n\t\t\t\t\t\t<\/div>\n\t\t\t\t\t<\/div>\n\t\t<\/div>\n\t\t\t\t\t\t\t\t<\/div>\n\t\t\t\t\t<\/div>\n\t\t<\/section>\n\t\t\t\t\t\t<\/div>\n\t\t\t\t\t\t<\/div>\n\t\t\t\t\t<\/div>\n\t\t","protected":false},"excerpt":{"rendered":"<p>Otoczenie Jednym z element\u00f3w, kt\u00f3re na ca\u0142ym \u015bwiecie odr\u00f3\u017cniaj\u0105 przedszkola montessori\u0144skie od konwencjonalnych s\u0105 wn\u0119trza plac\u00f3wki. Odpowiadaj\u0105c na potrzeby kszta\u0142tuj\u0105cego si\u0119 systemu nerwowego dzieci, w zgodzie z wiedz\u0105 dotycz\u0105c\u0105 psychologii i neurologii dziecka nasze wn\u0119trza s\u0105 stonowane- oparte na bieli i barwach natury oraz naturalnych materia\u0142ach takich jak drewno czy korek, bez pstrokatych i infantylnych [&hellip;]<\/p>\n","protected":false},"author":1,"featured_media":0,"parent":0,"menu_order":0,"comment_status":"closed","ping_status":"closed","template":"","meta":{"footnotes":""},"yoast_head":"<!-- This site is optimized with the Yoast SEO plugin v15.6.2 - https:\/\/yoast.com\/wordpress\/plugins\/seo\/ -->\n<title>OTOCZENIE - Montessori - Koby\u0142ka<\/title>\n<meta name=\"robots\" content=\"index, follow, max-snippet:-1, max-image-preview:large, max-video-preview:-1\" \/>\n<link rel=\"canonical\" href=\"https:\/\/pedagogikamontessori.pl\/kobylka\/otoczenie\/\" \/>\n<meta property=\"og:locale\" content=\"pl_PL\" \/>\n<meta property=\"og:type\" content=\"article\" \/>\n<meta property=\"og:title\" content=\"OTOCZENIE - Montessori - Koby\u0142ka\" \/>\n<meta property=\"og:description\" content=\"Otoczenie Jednym z element\u00f3w, kt\u00f3re na ca\u0142ym \u015bwiecie odr\u00f3\u017cniaj\u0105 przedszkola montessori\u0144skie od konwencjonalnych s\u0105 wn\u0119trza plac\u00f3wki. Odpowiadaj\u0105c na potrzeby kszta\u0142tuj\u0105cego si\u0119 systemu nerwowego dzieci, w zgodzie z wiedz\u0105 dotycz\u0105c\u0105 psychologii i neurologii dziecka nasze wn\u0119trza s\u0105 stonowane- oparte na bieli i barwach natury oraz naturalnych materia\u0142ach takich jak drewno czy korek, bez pstrokatych i infantylnych [&hellip;]\" \/>\n<meta property=\"og:url\" content=\"https:\/\/pedagogikamontessori.pl\/kobylka\/otoczenie\/\" \/>\n<meta property=\"og:site_name\" content=\"Montessori - Koby\u0142ka\" \/>\n<meta property=\"article:modified_time\" content=\"2019-11-18T13:21:47+00:00\" \/>\n<meta property=\"og:image\" content=\"http:\/\/pedagogikamontessori.pl\/kobylka\/wp-content\/uploads\/2019\/11\/iStock-615629394_800x533.jpg\" \/>\n<meta name=\"twitter:card\" content=\"summary_large_image\" \/>\n<meta name=\"twitter:label1\" content=\"Est. reading time\">\n\t<meta name=\"twitter:data1\" content=\"2 minuty\">\n<script type=\"application\/ld+json\" class=\"yoast-schema-graph\">{\"@context\":\"https:\/\/schema.org\",\"@graph\":[{\"@type\":\"WebSite\",\"@id\":\"https:\/\/pedagogikamontessori.pl\/kobylka\/#website\",\"url\":\"https:\/\/pedagogikamontessori.pl\/kobylka\/\",\"name\":\"Montessori - Koby\\u0142ka\",\"description\":\"Kolejna witryna WordPress\",\"potentialAction\":[{\"@type\":\"SearchAction\",\"target\":\"https:\/\/pedagogikamontessori.pl\/kobylka\/?s={search_term_string}\",\"query-input\":\"required name=search_term_string\"}],\"inLanguage\":\"pl-PL\"},{\"@type\":\"ImageObject\",\"@id\":\"https:\/\/pedagogikamontessori.pl\/kobylka\/otoczenie\/#primaryimage\",\"inLanguage\":\"pl-PL\",\"url\":\"http:\/\/pedagogikamontessori.pl\/kobylka\/wp-content\/uploads\/2019\/11\/iStock-615629394_800x533.jpg\"},{\"@type\":\"WebPage\",\"@id\":\"https:\/\/pedagogikamontessori.pl\/kobylka\/otoczenie\/#webpage\",\"url\":\"https:\/\/pedagogikamontessori.pl\/kobylka\/otoczenie\/\",\"name\":\"OTOCZENIE - Montessori - Koby\\u0142ka\",\"isPartOf\":{\"@id\":\"https:\/\/pedagogikamontessori.pl\/kobylka\/#website\"},\"primaryImageOfPage\":{\"@id\":\"https:\/\/pedagogikamontessori.pl\/kobylka\/otoczenie\/#primaryimage\"},\"datePublished\":\"2019-09-17T10:52:18+00:00\",\"dateModified\":\"2019-11-18T13:21:47+00:00\",\"breadcrumb\":{\"@id\":\"https:\/\/pedagogikamontessori.pl\/kobylka\/otoczenie\/#breadcrumb\"},\"inLanguage\":\"pl-PL\",\"potentialAction\":[{\"@type\":\"ReadAction\",\"target\":[\"https:\/\/pedagogikamontessori.pl\/kobylka\/otoczenie\/\"]}]},{\"@type\":\"BreadcrumbList\",\"@id\":\"https:\/\/pedagogikamontessori.pl\/kobylka\/otoczenie\/#breadcrumb\",\"itemListElement\":[{\"@type\":\"ListItem\",\"position\":1,\"item\":{\"@type\":\"WebPage\",\"@id\":\"https:\/\/pedagogikamontessori.pl\/kobylka\/\",\"url\":\"https:\/\/pedagogikamontessori.pl\/kobylka\/\",\"name\":\"Strona g\\u0142\\u00f3wna\"}},{\"@type\":\"ListItem\",\"position\":2,\"item\":{\"@type\":\"WebPage\",\"@id\":\"https:\/\/pedagogikamontessori.pl\/kobylka\/otoczenie\/\",\"url\":\"https:\/\/pedagogikamontessori.pl\/kobylka\/otoczenie\/\",\"name\":\"OTOCZENIE\"}}]}]}<\/script>\n<!-- \/ Yoast SEO plugin. -->","_links":{"self":[{"href":"https:\/\/pedagogikamontessori.pl\/kobylka\/wp-json\/wp\/v2\/pages\/172"}],"collection":[{"href":"https:\/\/pedagogikamontessori.pl\/kobylka\/wp-json\/wp\/v2\/pages"}],"about":[{"href":"https:\/\/pedagogikamontessori.pl\/kobylka\/wp-json\/wp\/v2\/types\/page"}],"author":[{"embeddable":true,"href":"https:\/\/pedagogikamontessori.pl\/kobylka\/wp-json\/wp\/v2\/users\/1"}],"replies":[{"embeddable":true,"href":"https:\/\/pedagogikamontessori.pl\/kobylka\/wp-json\/wp\/v2\/comments?post=172"}],"version-history":[{"count":7,"href":"https:\/\/pedagogikamontessori.pl\/kobylka\/wp-json\/wp\/v2\/pages\/172\/revisions"}],"predecessor-version":[{"id":471,"href":"https:\/\/pedagogikamontessori.pl\/kobylka\/wp-json\/wp\/v2\/pages\/172\/revisions\/471"}],"wp:attachment":[{"href":"https:\/\/pedagogikamontessori.pl\/kobylka\/wp-json\/wp\/v2\/media?parent=172"}],"curies":[{"name":"wp","href":"https:\/\/api.w.org\/{rel}","templated":true}]}}